{"id":10843,"date":"2024-10-09T12:15:55","date_gmt":"2024-10-09T10:15:55","guid":{"rendered":"https:\/\/www.gamer.parts\/fr\/rechtliche-hinweise\/"},"modified":"2025-04-02T10:55:35","modified_gmt":"2025-04-02T08:55:35","slug":"rechtliche-hinweise","status":"publish","type":"page","link":"https:\/\/www.gamer.parts\/de\/rechtliche-hinweise\/","title":{"rendered":"Rechtliche Hinweise"},"content":{"rendered":"\n<h2 class=\"wp-block-heading\" id=\"editeur-du-site\">Herausgeber der Website<\/h2>\n\n<ul class=\"wp-block-list\">\n<li><strong>Name des Unternehmens<\/strong>: FINDR<\/li>\n\n\n\n<li><strong>Rechtsform<\/strong>: Vereinfachte Aktiengesellschaft (SAS)<\/li>\n\n\n\n<li><strong>Adresse des eingetragenen Sitzes<\/strong>: 1614 Avenue du G\u00e9n\u00e9ral de Gaulle, 59910 Bondues, Frankreich<\/li>\n\n\n\n<li><strong>E-Mail-Adresse<\/strong>: <a href=\"mailto:contact@gamer.parts\" target=\"_blank\" rel=\"noreferrer noopener\">contact@gamer.parts<\/a><\/li>\n\n\n\n<li><strong>SIREN-Nummer<\/strong>: 977 827 070<\/li>\n\n\n\n<li><strong>Umsatzsteuer-Identifikationsnummer<\/strong>: FR44 977 827 070<\/li>\n<\/ul>\n\n<h2 class=\"wp-block-heading\" id=\"directeur-de-publication\">Direktor der Ver\u00f6ffentlichung<\/h2>\n\n<ul class=\"wp-block-list\">\n<li><strong>Name des Publikationsleiters<\/strong>: Michael Thain<\/li>\n<\/ul>\n\n<h2 class=\"wp-block-heading\" id=\"hebergeur\">Webhoster<\/h2>\n\n<ul class=\"wp-block-list\">\n<li><strong>Name des Hosters<\/strong>: OVH<\/li>\n\n\n\n<li><strong>Adresse des Hostinganbieters<\/strong>: 2 Rue Kellermann, 59100 Roubaix, Frankreich<\/li>\n<\/ul>\n\n<h2 class=\"wp-block-heading\" id=\"propriete-intellectuelle\">Geistiges Eigentum<\/h2>\n\n<ul class=\"wp-block-list\">\n<li><strong>Urheberrecht<\/strong>: Der Inhalt dieser Website ist urheberrechtlich gesch\u00fctzt. Die Vervielf\u00e4ltigung, Darstellung, \u00c4nderung, Ver\u00f6ffentlichung und Anpassung aller oder eines Teils der Elemente der Website, unabh\u00e4ngig von den verwendeten Mitteln oder Verfahren, ist ohne vorherige schriftliche Genehmigung von FINDR untersagt.<\/li>\n<\/ul>\n\n<h2 class=\"wp-block-heading\" id=\"liens-hypertextes\">Hypertext-Links<\/h2>\n\n<ul class=\"wp-block-list\">\n<li><strong>Links zu anderen Websites<\/strong>: Die Website <a href=\"http:\/\/www.gamer.parts\/\" target=\"_blank\" rel=\"noreferrer noopener\">www.gamer.parts<\/a> kann Hyperlinks zu anderen Websites enthalten. FINDR ist nicht f\u00fcr den Inhalt dieser Websites verantwortlich und kann nicht f\u00fcr Sch\u00e4den haftbar gemacht werden, die sich aus deren Nutzung ergeben.<\/li>\n<\/ul>\n\n<h2 class=\"wp-block-heading\" id=\"loi-applicable\">Anwendbares Recht<\/h2>\n\n<ul class=\"wp-block-list\">\n<li><strong>Anwendbares Recht<\/strong>: Die Website <a href=\"http:\/\/www.gamer.parts\/\" target=\"_blank\" rel=\"noreferrer noopener\">www.gamer.parts<\/a> unterliegt dem franz\u00f6sischen Recht.<\/li>\n<\/ul>\n\n<h2 class=\"wp-block-heading\" id=\"mise-a-jour\">Aktualisiert<\/h2>\n\n<p><strong>Letzte Aktualisierung<\/strong>: 09. Oktober 2024<\/p>\n","protected":false},"excerpt":{"rendered":"<p>Herausgeber der Website Direktor der Ver\u00f6ffentlichung Webhoster Geistiges Eigentum Hypertext-Links Anwendbares Recht Aktualisiert Letzte Aktualisierung: 09. Oktober 2024<\/p>\n","protected":false},"author":1,"featured_media":0,"parent":0,"menu_order":0,"comment_status":"closed","ping_status":"open","template":"elementor_theme","meta":{"_seopress_robots_primary_cat":"","_seopress_titles_title":"","_seopress_titles_desc":"","_seopress_robots_index":"","_gspb_post_css":"","footnotes":""},"class_list":["post-10843","page","type-page","status-publish","hentry"],"_links":{"self":[{"href":"https:\/\/www.gamer.parts\/de\/wp-json\/wp\/v2\/pages\/10843","targetHints":{"allow":["GET"]}}],"collection":[{"href":"https:\/\/www.gamer.parts\/de\/wp-json\/wp\/v2\/pages"}],"about":[{"href":"https:\/\/www.gamer.parts\/de\/wp-json\/wp\/v2\/types\/page"}],"author":[{"embeddable":true,"href":"https:\/\/www.gamer.parts\/de\/wp-json\/wp\/v2\/users\/1"}],"replies":[{"embeddable":true,"href":"https:\/\/www.gamer.parts\/de\/wp-json\/wp\/v2\/comments?post=10843"}],"version-history":[{"count":0,"href":"https:\/\/www.gamer.parts\/de\/wp-json\/wp\/v2\/pages\/10843\/revisions"}],"wp:attachment":[{"href":"https:\/\/www.gamer.parts\/de\/wp-json\/wp\/v2\/media?parent=10843"}],"curies":[{"name":"wp","href":"https:\/\/api.w.org\/{rel}","templated":true}]}}