{"id":2090,"date":"2024-10-09T12:15:55","date_gmt":"2024-10-09T10:15:55","guid":{"rendered":"https:\/\/www.gamer.parts\/?page_id=2090"},"modified":"2024-10-09T13:11:55","modified_gmt":"2024-10-09T11:11:55","slug":"mentions-legales","status":"publish","type":"page","link":"https:\/\/www.gamer.parts\/fr\/mentions-legales\/","title":{"rendered":"Mentions l\u00e9gales"},"content":{"rendered":"\n<h2 class=\"wp-block-heading\" id=\"editeur-du-site\">\u00c9diteur du Site<\/h2>\n\n\n\n<ul class=\"wp-block-list\">\n<li><strong>Nom de l&rsquo;entreprise<\/strong>\u00a0: FINDR<\/li>\n\n\n\n<li><strong>Forme juridique<\/strong>\u00a0: Soci\u00e9t\u00e9 par Actions Simplifi\u00e9e (SAS)<\/li>\n\n\n\n<li><strong>Adresse du si\u00e8ge social<\/strong>\u00a0: 1614 Avenue du G\u00e9n\u00e9ral de Gaulle, 59910 Bondues, France<\/li>\n\n\n\n<li><strong>Adresse e-mail<\/strong>\u00a0:\u00a0<a href=\"mailto:contact@gamer.parts\" target=\"_blank\" rel=\"noreferrer noopener\">contact@gamer.parts<\/a><\/li>\n\n\n\n<li><strong>Num\u00e9ro de SIREN<\/strong>\u00a0: 977 827 070<\/li>\n\n\n\n<li><strong>Num\u00e9ro de TVA intracommunautaire<\/strong>\u00a0: FR44 977 827 070<\/li>\n<\/ul>\n\n\n\n<h2 class=\"wp-block-heading\" id=\"directeur-de-publication\">Directeur de Publication<\/h2>\n\n\n\n<ul class=\"wp-block-list\">\n<li><strong>Nom du directeur de publication<\/strong>\u00a0: Michael Thain<\/li>\n<\/ul>\n\n\n\n<h2 class=\"wp-block-heading\" id=\"hebergeur\">H\u00e9bergeur<\/h2>\n\n\n\n<ul class=\"wp-block-list\">\n<li><strong>Nom de l&rsquo;h\u00e9bergeur<\/strong>\u00a0: OVH<\/li>\n\n\n\n<li><strong>Adresse de l&rsquo;h\u00e9bergeur<\/strong>\u00a0: 2 Rue Kellermann, 59100 Roubaix, France<\/li>\n<\/ul>\n\n\n\n<h2 class=\"wp-block-heading\" id=\"propriete-intellectuelle\">Propri\u00e9t\u00e9 Intellectuelle<\/h2>\n\n\n\n<ul class=\"wp-block-list\">\n<li><strong>Droits d&rsquo;auteur<\/strong>\u00a0: Le contenu de ce site est prot\u00e9g\u00e9 par les droits d&rsquo;auteur. Toute reproduction, repr\u00e9sentation, modification, publication, adaptation de tout ou partie des \u00e9l\u00e9ments du site, quel que soit le moyen ou le proc\u00e9d\u00e9 utilis\u00e9, est interdite, sauf autorisation \u00e9crite pr\u00e9alable de FINDR.<\/li>\n<\/ul>\n\n\n\n<h2 class=\"wp-block-heading\" id=\"liens-hypertextes\">Liens Hypertextes<\/h2>\n\n\n\n<ul class=\"wp-block-list\">\n<li><strong>Liens vers d&rsquo;autres sites<\/strong>\u00a0: Le site\u00a0<a href=\"http:\/\/www.gamer.parts\/\" target=\"_blank\" rel=\"noreferrer noopener\">www.gamer.parts<\/a>\u00a0peut contenir des liens hypertextes vers d&rsquo;autres sites. FINDR n&rsquo;est pas responsable du contenu de ces sites et ne peut \u00eatre tenu responsable des dommages r\u00e9sultant de leur utilisation.<\/li>\n<\/ul>\n\n\n\n<h2 class=\"wp-block-heading\" id=\"loi-applicable\">Loi Applicable<\/h2>\n\n\n\n<ul class=\"wp-block-list\">\n<li><strong>Loi applicable<\/strong>\u00a0: Le site\u00a0<a href=\"http:\/\/www.gamer.parts\/\" target=\"_blank\" rel=\"noreferrer noopener\">www.gamer.parts<\/a>\u00a0est soumis \u00e0 la loi fran\u00e7aise.<\/li>\n<\/ul>\n\n\n\n<h2 class=\"wp-block-heading\" id=\"mise-a-jour\">Mise \u00e0 Jour<\/h2>\n\n\n\n<p><strong>Derni\u00e8re mise \u00e0 jour<\/strong>\u00a0: 09 octobre 2024<\/p>\n","protected":false},"excerpt":{"rendered":"<p>\u00c9diteur du Site Directeur de Publication H\u00e9bergeur Propri\u00e9t\u00e9 Intellectuelle Liens Hypertextes Loi Applicable Mise \u00e0 Jour Derni\u00e8re mise \u00e0 jour\u00a0: 09 octobre 2024<\/p>\n","protected":false},"author":1,"featured_media":0,"parent":0,"menu_order":0,"comment_status":"closed","ping_status":"open","template":"elementor_theme","meta":{"_seopress_robots_primary_cat":"","_seopress_titles_title":"","_seopress_titles_desc":"","_seopress_robots_index":"","_gspb_post_css":"","footnotes":""},"class_list":["post-2090","page","type-page","status-publish","hentry"],"_links":{"self":[{"href":"https:\/\/www.gamer.parts\/fr\/wp-json\/wp\/v2\/pages\/2090","targetHints":{"allow":["GET"]}}],"collection":[{"href":"https:\/\/www.gamer.parts\/fr\/wp-json\/wp\/v2\/pages"}],"about":[{"href":"https:\/\/www.gamer.parts\/fr\/wp-json\/wp\/v2\/types\/page"}],"author":[{"embeddable":true,"href":"https:\/\/www.gamer.parts\/fr\/wp-json\/wp\/v2\/users\/1"}],"replies":[{"embeddable":true,"href":"https:\/\/www.gamer.parts\/fr\/wp-json\/wp\/v2\/comments?post=2090"}],"version-history":[{"count":0,"href":"https:\/\/www.gamer.parts\/fr\/wp-json\/wp\/v2\/pages\/2090\/revisions"}],"wp:attachment":[{"href":"https:\/\/www.gamer.parts\/fr\/wp-json\/wp\/v2\/media?parent=2090"}],"curies":[{"name":"wp","href":"https:\/\/api.w.org\/{rel}","templated":true}]}}