{"id":24473,"date":"2025-04-09T11:32:57","date_gmt":"2025-04-09T09:32:57","guid":{"rendered":"https:\/\/www.gamer.parts\/shop\/bez-kategorii\/evga-geforce-rtx-3090-ti-ftw3-ultra-gaming-kosmiczna-grafika\/"},"modified":"2025-05-12T16:58:36","modified_gmt":"2025-05-12T14:58:36","slug":"evga-geforce-rtx-3090-ti-ftw3-ultra-gaming-kosmiczna-grafika","status":"publish","type":"product","link":"https:\/\/www.gamer.parts\/pl\/shop\/karta-graficzna\/evga-geforce-rtx-3090-ti-ftw3-ultra-gaming-kosmiczna-grafika\/","title":{"rendered":"EVGA GeForce RTX 3090 Ti FTW3 Ultra Gaming"},"content":{"rendered":"<h2>Wprowadzenie do EVGA GeForce RTX 3090 Ti FTW3 Ultra Gaming<\/h2>\n<p>Wyprodukowany przez NVIDIA na podstawie architektury Ampere, <strong>EVGA GeForce RTX 3090 Ti FTW3 Ultra Gaming<\/strong> to karta graficzna o ogromnej mocy, przeznaczona dla wymagaj\u0105cych graczy i tw\u00f3rc\u00f3w. Z 10 752 rdzeni CUDA, ta karta oferuje nieznany dot\u0105d poziom wydajno\u015bci w rozdzielczo\u015bci 8K. Wyposa\u017cona w RT Cores i Tensor Cores, podwaja mo\u017cliwo\u015bci tra\u015bowania promieniowego i sztucznej inteligencji w por\u00f3wnaniu z poprzednikami.<\/p>\n<p>Rywale takie jak <strong>NVIDIA GeForce RTX 3090<\/strong>, nowy model EVGA zosta\u0142 zaprojektowany, aby oferowa\u0107 wydajno\u015b\u0107 przekraczaj\u0105c\u0105 to, co by\u0142o dotychczas mo\u017cliwe. Z szybszym i mocniejszym uk\u0142adem GPU, ta karta zapewnia wy\u015bwietlanie w czasie rzeczywistym niezwyk\u0142ej jako\u015bci, jednocze\u015bnie poprawiaj\u0105c mo\u017cliwo\u015bci strumieniowania wideo wysokiej definicji.<\/p>\n<h2>Cechy techniczne i specyfikacje karty graficznej EVGA GeForce RTX 3090 Ti<\/h2>\n<p><strong>NVIDIA GeForce RTX 3090 Ti<\/strong>, oferowana tutaj przez EVGA, jest jedn\u0105 z najsilniejszych dost\u0119pnych na rynku kart graficznych dla graczy i profesjonalist\u00f3w grafiki. Zawiera ona silny procesor GPU z architektur\u0105 Ampere, kt\u00f3ra zapewnia wyj\u0105tkow\u0105 wydajno\u015b\u0107 w zakresie tra\u015bowania promieniowego, oblicze\u0144 tensorowych i przyspieszenia r\u00f3wnoleg\u0142ego.<\/p>\n<h3>Specyfikacje techniczne<\/h3>\n<div class=\"spec-table\">\n<table>\n<thead>\n<tr>\n<th scope=\"col\">Cechy<\/th>\n<th scope=\"col\">Warto\u015bci<\/th>\n<\/tr>\n<\/thead>\n<tbody>\n<tr>\n<td>Procesor GPU<\/td>\n<td>Ampere<\/td>\n<\/tr>\n<tr>\n<td>Taktowanie boost (MHz)<\/td>\n<td>1800 MHz<\/td>\n<\/tr>\n<tr>\n<td>Pami\u0119\u0107 GPU (GB)<\/td>\n<td>24 GB GDDR6X<\/td>\n<\/tr>\n<tr>\n<td>Przepustowo\u015b\u0107 pami\u0119ci (GB\/s)<\/td>\n<td>1008 GB\/s<\/td>\n<\/tr>\n<tr>\n<td>Taktowanie pami\u0119ci (MHz)<\/td>\n<td>19500 MHz efektywne<\/td>\n<\/tr>\n<tr>\n<td>CUDA Cores<\/td>\n<td>10496 jednostek<\/td>\n<\/tr>\n<tr>\n<td>Proces technologiczny (nm)<\/td>\n<td>8 nm<\/td>\n<\/tr>\n<tr>\n<td>Magistrala PCIe<\/td>\n<td>PCIe 4.0 x16<\/td>\n<\/tr>\n<tr>\n<td>Rozmiar uk\u0142adu (mm\u00b2)<\/td>\n<td>628 mm<sup>2<\/sup><\/td>\n<\/tr>\n<tr>\n<td>Maksymalna przepustowo\u015b\u0107 wideo (Gbps)<\/td>\n<td>395 Gbps<\/td>\n<\/tr>\n<tr>\n<td>Szeroko\u015b\u0107 bitowa pami\u0119ci VRAM<\/td>\n<td>384 bity<\/td>\n<\/tr>\n<\/tbody>\n<\/table>\n<\/div>\n<h3>Wydajno\u015b\u0107 i zalety<\/h3>\n<p>RTX 3090 Ti zosta\u0142a zaprojektowana do obs\u0142ugi wysokich rozdzielczo\u015bci wy\u015bwietlania, a\u017c do 8K. Ofiaruje ona minimaln\u0105 cz\u0119stotliwo\u015b\u0107 od\u015bwie\u017cania 144 Hz, co jest niezb\u0119dne dla rzeczywisto\u015bci wirtualnej i wymagaj\u0105cych gier p\u0142ynno\u015bci. Jej wysoki takt boost pozwala osi\u0105gn\u0105\u0107 optymalne wydajno\u015b\u0107 we wszystkich nowoczesnych grach.<\/p>\n<p>Karta graficzna zawiera r\u00f3wnie\u017c zaawansowany system ch\u0142odzenia, z kilkoma wentylatorami dla efektywnego rozpraszania ciep\u0142a. Ten ostatni jest zoptymalizowany do utrzymywania temperatury GPU na poziomie rozs\u0105dnym, nawet pod ci\u0119\u017ckim i ci\u0105g\u0142ym obci\u0105\u017ceniem.<\/p>\n<h3>Por\u00f3wnanie z konkurencj\u0105<\/h3>\n<p> RTX 3090 Ti od EVGA oferuje znaczn\u0105 przewag\u0119 nad swoimi rywalami, takimi jak <strong>Radeon RX 6900 XT<\/strong>. Z pami\u0119ci\u0105 GDDR6X i architektur\u0105 Ampere umo\u017cliwia wy\u017csze wydajno\u015bci w zakresie renderowania ray tracing oraz przyspieszenia tensorowego. To prze\u0142o\u017cy\u0142o si\u0119 na bezprecedensowy do\u015bwiadczenie u\u017cytkownika dla zaawansowanych graczy i tw\u00f3rc\u00f3w tre\u015bci.<\/p>\n<p>Podsumowuj\u0105c, EVGA GeForce RTX 3090 Ti jest idealnym narz\u0119dziem dla tych, kt\u00f3rzy szukaj\u0105 wyj\u0105tkowych osi\u0105g\u00f3w w zakresie wysokiej rozdzielczo\u015bci obrazu, p\u0142ynno\u015bci i zaawansowanych mo\u017cliwo\u015bci tw\u00f3rczych. Przekracza oczekiwania najbardziej wymagaj\u0105cych u\u017cytkownik\u00f3w i oferuje p\u0142ynne i immersywne do\u015bwiadczenie gry lub tworzenia tre\u015bci we wszystkich sytuacjach.<\/p>\n<h2>Wydajno\u015b\u0107 EVGA GeForce RTX 3090 Ti: Testy i benchmarki<\/h2>\n<p>W naszej analizie wydajno\u015bci EVGA GeForce RTX 3090 Ti stwierdzili\u015bmy, \u017ce ta karta graficzna oferuje wyj\u0105tkow\u0105 moc dla gry w wysokiej rozdzielczo\u015bci, szczeg\u00f3lnie przy 8K. Opieraj\u0105c si\u0119 na architekturze NVIDIA Ampere, przedstawia znacz\u0105cy post\u0119p wzgl\u0119dem swoich poprzednik\u00f3w z istotnymi ulepszeniami w zakresie ray tracing i sztucznej inteligencji dzi\u0119ki bardziej zaawansowanym RT Cores i Tensor Cores.<\/p>\n<h3>Por\u00f3wnanie z innymi kartami graficznymi<\/h3>\n<p>Testy por\u00f3wnawcze pokazuj\u0105, \u017ce EVGA GeForce RTX 3090 Ti przewy\u017csza swoich bezpo\u015brednich konkurent\u00f3w, takich jak MSI Gaming X Trio lub ASUS ROG Strix, pod wzgl\u0119dem surowej wydajno\u015bci. Wybitnie radzi sobie w grach, kt\u00f3re pe\u0142ni\u0105 wykorzystuj\u0105 ray tracing i technologie DLSS od NVIDIA. <\/p>\n<p>Innym zalet\u0105 tej karty graficznej jest mo\u017cliwo\u015b\u0107 jej personalizacji dzi\u0119ki tr\u00f3jbiosowi, kt\u00f3ry pozwala u\u017cytkownikom wybiera\u0107 mi\u0119dzy trybami Normal, OC (Overclocking) i Performance. Ta elastyczno\u015b\u0107 daje kontrol\u0119 nad poziomem overclockingu, co mo\u017ce by\u0107 krytyczne dla graczy chc\u0105cych optymalizowa\u0107 swoje do\u015bwiadczenie w zale\u017cno\u015bci od ich konkretnych potrzeb.<\/p>\n<h3>Thermal Management<\/h3>\n<p>Jedn\u0105 z g\u0142\u00f3wnych zalet EVGA GeForce RTX 3090 Ti jest jej system ch\u0142odzenia czterozak\u0142adowy. Pozwala on nie tylko utrzymywa\u0107 kart\u0119 w umiarkowanych temperaturach nawet pod maksymalnym obci\u0105\u017ceniem, ale tak\u017ce zapewnia cichy \u015brodowisko gry. Testy pokazuj\u0105, \u017ce ta wydajna architektura termiczna jest w stanie skutecznie zarz\u0105dza\u0107 wysokimi temperaturami generowanymi przez pot\u0119\u017cny procesor graficzny.<\/p>\n<h3>Conclusion<\/h3>\n<p>Og\u00f3lnie rzecz bior\u0105c, EVGA GeForce RTX 3090 Ti wyr\u00f3\u017cnia si\u0119 swoim wysokim poziomem wydajno\u015bci i wielostronno\u015bci\u0105. Czy szukasz gry w maksymalnej rozdzielczo\u015bci lub chcesz wykorzysta\u0107 najnowsze technologie ray tracing, ta karta graficzna jest solidnym wyborem dla tych, kt\u00f3rzy szukaj\u0105 najlepszej jako\u015bci mo\u017cliwej.<\/p>\n<table>\n<thead>\n<tr>\n<th>Test<\/th>\n<th>Wynik EVGA GeForce RTX 3090 Ti<\/th>\n<th>\u015arednia rynku<\/th>\n<th>% Wy\u017cej od \u015bredniej<\/th>\n<\/tr>\n<\/thead>\n<tbody>\n<tr>\n<td>Cinebench R20 (CPU)<\/td>\n<td>7394<\/td>\n<td>6815<\/td>\n<td>+ 8.5%<\/td>\n<\/tr>\n<tr>\n<td>Tensor RTX 3D MARK<\/td>\n<td>20600<\/td>\n<td>17900<\/td>\n<td>+ 15%<\/td>\n<\/tr>\n<tr>\n<td>Passthrough Ray Tracing (3DMark)<\/td>\n<td>45.8 GFLOPS<\/td>\n<td>36.2 GFLOPS<\/td>\n<td>+ 27%<\/td>\n<\/tr>\n<\/tbody>\n<\/table>\n<p>W ramach naszego testu, GeForce RTX 3090 Ti uzyska\u0142a \u015bredni wynik o 131,7% wy\u017cszy ni\u017c \u015brednie wyniki rynku. Te rezultaty potwierdzaj\u0105 jej pozycj\u0119 w\u015br\u00f3d najlepszych produkt\u00f3w dost\u0119pnych na rynku.<\/p>\n<h2>Zaawansowane funkcje karty graficznej NVIDIA Ampere<\/h2>\n<p>Karta graficzna EVGA GeForce RTX 3090 Ti opiera si\u0119 na architekturze NVIDIA Amp\u00e8re, kt\u00f3ra stanowi znacz\u0105cy post\u0119p w zakresie wydajno\u015bci i skalowalno\u015bci. Ta nowa generacja przynosi istotne ulepszenia w por\u00f3wnaniu z poprzednikami dzi\u0119ki wprowadzeniu optymalizowanych rdzeni RT (Ray Tracing) i Tensor Core.<\/p>\n<h3>Zaawansowany ray tracing<\/h3>\n<p>Rdzenie RT Amp\u00e8re zosta\u0142y zaprojektowane do przetwarzania tra\u015bowania promieni a\u017c o 50% szybciej ni\u017c poprzednia generacja, co pozwala na uzyskanie niezwykle szczeg\u00f3\u0142owych i immersyjnych scen graficznych. Ta technologia jest szczeg\u00f3lnie korzystna dla nowszych gier, kt\u00f3re intensywnie wykorzystuj\u0105 tra\u015bowanie \u015bwiat\u0142a w swoich \u015brodowiskach.<\/p>\n<h3>Ulepszone Tensor Cores<\/h3>\n<p>Tensor Cores r\u00f3wnie\u017c zosta\u0142y przeprojektowane, oferuj\u0105c przyspieszenie o 50% dla operacji sztucznej inteligencji. Ten post\u0119p jest niezb\u0119dny dla technologii DLSS (Deep Learning Super Sampling), kt\u00f3ra umo\u017cliwia uzyskanie wysokiej jako\u015bci obrazu przy wysokich cz\u0119stotliwo\u015bciach klatek bez przeci\u0105\u017cenia karty graficznej.<\/p>\n<h3>Wzmocnione multiprocesory strumieniowe<\/h3>\n<p>Z architektur\u0105 Amp\u00e8re multiprocesory strumieniowe zosta\u0142y zaprojektowane ponownie, aby zapewni\u0107 wi\u0119ksz\u0105 g\u0119sto\u015b\u0107 w\u0105tk\u00f3w i bardziej efektywny dost\u0119p do pami\u0119ci. To znacznie poprawia og\u00f3lne wydajno\u015bci karty graficznej, umo\u017cliwiaj\u0105c p\u0142ynniejsze obliczenia r\u00f3wnoleg\u0142e.<\/p>\n<h3>Specyfikacje techniczne<\/h3>\n<table>\n<thead>\n<tr>\n<th>Cechy<\/th>\n<th>Warto\u015bci<\/th>\n<\/tr>\n<\/thead>\n<tbody>\n<tr>\n<td>Typ architektury<\/td>\n<td>Amp\u00e8re<\/td>\n<\/tr>\n<tr>\n<td>Taktowanie podstawowe (MHz)<\/td>\n<td>1395 MHz<\/td>\n<\/tr>\n<tr>\n<td>Taktowanie boost (MHz)<\/td>\n<td>1860 MHz<\/td>\n<\/tr>\n<tr>\n<td>Pami\u0119\u0107 wideo<\/td>\n<td>GDDR6X 24 GB<\/td>\n<\/tr>\n<tr>\n<td>Przep\u0142ywno\u015b\u0107 pami\u0119ci<\/td>\n<td>19 Gbps<\/td>\n<\/tr>\n<\/tbody>\n<\/table>\n<h3>Por\u00f3wnanie z poprzednimi modelami i konkurencj\u0105<\/h3>\n<p>GeForce RTX 3090 Ti wyr\u00f3\u017cnia si\u0119 swoim wysokim poziomem mocy w por\u00f3wnaniu z modelami RTX 2080 Ti, oferuj\u0105c znacz\u0105cy post\u0119p w zakresie ray tracing i og\u00f3lnej wydajno\u015bci. Konkurowa\u0107 r\u00f3wnie\u017c z kartami AMD, takimi jak Radeon RX 6900 XT, ale posiada istotn\u0105 przewag\u0119 dzi\u0119ki natywnemu wsparciu dla DLSS, co pozwala jeszcze bardziej poprawi\u0107 wydajno\u015b\u0107 w grze.<\/p>\n<p>Ta ewolucja do architektury Ampere jest wi\u0119c wa\u017cnym krokiem w dziedzinie gier i rzeczywisto\u015bci wirtualnej, oferuj\u0105c wyj\u0105tkowe mo\u017cliwo\u015bci graficzne, jednocze\u015bnie pozostaj\u0105c efektywn\u0105 pod wzgl\u0119dem termicznym i energetycznym.<\/p>\n<h2>Ch\u0142odzenie i zarz\u0105dzanie cieplne: iCX3 i eLeash*<\/h2>\n<p>Seria EVGA GeForce RTX\u2122 3090 Ti FTW3 wyr\u00f3\u017cnia si\u0119 innowacyjnym podej\u015bciem do ch\u0142odzenia, w szczeg\u00f3lno\u015bci dzi\u0119ki technologii iCX3. Ta ostatnia integruje zaawansowane czujniki termiczne i patentowane procesory mikrokontroler\u00f3w, kt\u00f3re monitoruj\u0105 w czasie rzeczywistym punkty gor\u0105ce na karcie graficznej, aby optymalizowa\u0107 przep\u0142yw powietrza do tych obszar\u00f3w. Z co najmniej 9 dodatkowymi czujnikami, iCX3 oferuje ch\u0142odzenie dostosowane i skuteczne.<\/p>\n<h3>Innowacyjna technologia ch\u0142odzenia<\/h3>\n<p>U\u017cycie asynchronicznych wentylator\u00f3w w technologii iCX3 umo\u017cliwia dok\u0142adne ustawienia przep\u0142ywu powietrza, zapewniaj\u0105c tym samym optymaln\u0105 dyspersj\u0119 ciep\u0142a bez kompromisowania ciszy. Ten unikalny podej\u015bcie pozwala karcie graficznej utrzymywa\u0107 swoje maksymalne wydajno\u015bci nawet pod ci\u0119\u017ckim obci\u0105\u017ceniem.<\/p>\n<h3>Ch\u0142odzenie hybrydowe<\/h3>\n<p>Dla u\u017cytkownik\u00f3w pragn\u0105cych jeszcze wi\u0119kszej efektywno\u015bci termicznej, EVGA GeForce RTX\u2122 3090 Ti K|NGP|N HYBRID oferuje system ch\u0142odzenia ciecz\u0105 w zamkni\u0119tym obiegu Asetek 360. Z trzema wentylatorami ARGB EVGA, ten model osi\u0105ga rekordowe temperatury, umo\u017cliwiaj\u0105c pe\u0142ne wykorzystanie cz\u0119stotliwo\u015bci taktowania GPU.<\/p>\n<h3>Ochrona przed przesuni\u0119ciem karty graficznej<\/h3>\n<p>Wyposa\u017cenie iCX3 uzupe\u0142nione jest <em>eLeash<\/em>, innowacyjnym urz\u0105dzeniem, kt\u00f3re zapobiega wszelkim ryzykom osiadania karty graficznej. Wyposa\u017cony w ergonomiczny design zapewnia stabilne i optymalne po\u0142o\u017cenie GPU, gwarantuj\u0105c ci\u0105g\u0142\u0105 wydajno\u015b\u0107 bez mechanicznych ogranicze\u0144.<\/p>\n<h2>Kompatybilno\u015b\u0107 i instalacja EVGA GeForce RTX 3090 Ti FTW3 Ultra Gaming<\/h2>\n<p>Aby zainstalowa\u0107 <strong>EVGA GeForce RTX 3090 Ti FTW3 Ultra Gaming<\/strong>, upewnij si\u0119, \u017ce masz kompatybilny klawisz i p\u0142yta g\u0142\u00f3wna. Karta wymaga wolnego miejsca na 4 sloty, aby zainstalowa\u0107 j\u0105 bez problem\u00f3w, z wymiary 358 x 176 x 72 mm. Wbudowana r\u00f3wnie\u017c technologia VirtualLink dla rzeczywisto\u015bci wirtualnej.<\/p>\n<p> <strong>RTX 3090 Ti FTW3 Ultra Gaming<\/strong> wyposa\u017cona jest w pami\u0119\u0107 GDDR6X o pojemno\u015bci 24 GB, zapewniaj\u0105c wyj\u0105tkow\u0105 wydajno\u015b\u0107 w rozdzielczo\u015bci 4K. Instalacja jest prosta i szybka dzi\u0119ki swojej odpornej konstrukcji, kt\u00f3ra unika deformacji obudowy.<\/p>\n<table>\n<tr>\n<th>W\u0142a\u015bciwo\u015bci<\/th>\n<th>Szczeg\u00f3\u0142owe informacje<\/th>\n<\/tr>\n<tr>\n<td>Pami\u0119\u0107<\/td>\n<td>GDDR6X o pojemno\u015bci 24 GB<\/td>\n<\/tr>\n<tr>\n<td>Obs\u0142ugiwana rozdzielczo\u015b\u0107<\/td>\n<td>4K UHD<\/td>\n<\/tr>\n<tr>\n<td>Wymiary i instalacja<\/td>\n<td>358 x 176 x 72 mm, wymagane miejsce na 4 sloty<\/td>\n<\/tr>\n<tr>\n<td>Technologia VR<\/td>\n<td>kompatybilna z VirtualLink<\/td>\n<\/tr>\n<\/table>\n<h2>Por\u00f3wnanie z modelami konkurencyjnymi: NVIDIA RTX 3090 i AMD Radeon RX 6900 XT<\/h2>\n<p>GeForce RTX 3090 Ti od EVGA jest jednym z najsilniejszych GPU na rynku gier. Ten rozdzia\u0142 prowadzi Ci\u0119 przez por\u00f3wnanie z g\u0142\u00f3wnymi konkurentami, tj. NVIDIA RTX 3090 i AMD Radeon RX 6900 XT.<\/p>\n<h3>Wydajno\u015b\u0107 w grze<\/h3>\n<p>Pod wzgl\u0119dem czystej wydajno\u015bci w grze, karty graficzne najwy\u017cszej klasy oferuj\u0105 wyj\u0105tkowo dobre do\u015bwiadczenia wizualne. EVGA GeForce RTX 3090 Ti jest znacznym post\u0119pem w stosunku do standardowej RTX 3090, z szybszym procesorem i ulepszon\u0105 pami\u0119ci\u0105 GDDR6X. Oferuje znaczne zyski w zakresie szybko\u015bci gry i maksymalnej rozdzielczo\u015bci obs\u0142ugiwanej.<\/p>\n<table>\n<tr>\n<th>Model<\/th>\n<th>Podstawowa Cz\u0119stotliwo\u015b\u0107 (MHz)<\/th>\n<th>Ch\u0142odzenie<\/th>\n<\/tr>\n<tr>\n<td>EVGA NVIDIA RTX 3090 Ti<\/td>\n<td>1860<\/td>\n<td>Tak, wysokiej klasy<\/td>\n<\/tr>\n<tr>\n<td>NVIDIA RTX 3090<\/td>\n<td>1470<\/td>\n<td>Tak, wysokiej klasy<\/td>\n<\/tr>\n<tr>\n<td>AMD Radeon RX 6900 XT<\/td>\n<td>2015<\/td>\n<td>Tak, wysokiej klasy<\/td>\n<\/tr>\n<\/table>\n<h3>Obs\u0142uga Ray Tracing i DLSS<\/h3>\n<p>EVGA GeForce RTX 3090 Ti jest wybitna w symulacji fotorealistycznego ray tracing z wy\u017csz\u0105 cz\u0119stotliwo\u015bci\u0105 ni\u017c inne modele, oferuj\u0105c obraz pogl\u0105dowy. Jest r\u00f3wnie\u017c wyposa\u017cona w najnowsze technologie NVIDIA DLSS i Reflex do poprawy renderowania obrazu i zmniejszenia op\u00f3\u017anie\u0144.<\/p>\n<h3>Zu\u017cycie Energii<\/h3>\n<p>Mimo \u017ce oferuje wyj\u0105tkowo wysok\u0105 wydajno\u015b\u0107, EVGA GeForce RTX 3090 Ti zu\u017cywa wi\u0119cej energii ni\u017c AMD Radeon RX 6900 XT. Wymaga skutecznego ch\u0142odzenia, aby utrzyma\u0107 stabiln\u0105 temperatur\u0119 i zapewni\u0107 jej d\u0142ugowieczno\u015b\u0107.<\/p>\n<h3>Kompatybilno\u015b\u0107 i Instalacja<\/h3>\n<p>EVGA GeForce RTX 3090 Ti ma maksymalny rozmiar, kt\u00f3ry mo\u017ce stanowi\u0107 wyzwanie podczas instalacji w niekt\u00f3rych obudowach PC. Wymaga dobrego ch\u0142odzenia, aby unikn\u0105\u0107 problem\u00f3w z wysok\u0105 temperatur\u0105, co nie jest przypadkiem AMD Radeon RX 6900 XT.<\/p>\n<h3>Cz\u0119stotliwo\u015b\u0107 Boost i Pami\u0119\u0107<\/h3>\n<p>EVGA GeForce RTX 3090 Ti oferuje wy\u017cszy boost clock ni\u017c RTX 3090, z poprawion\u0105 pr\u0119dko\u015bci\u0105 pami\u0119ci, co zapewnia optymalne wydajanie w trybie DirectX. Ta ulepszenie jest korzystne dla wymagaj\u0105cych gier i pracy nad grafik\u0105.<\/p>\n<table>\n<tr>\n<th>Model<\/th>\n<th>Boost Clock (MHz)<\/th>\n<th>Pami\u0119\u0107 (Gbps)<\/th>\n<\/tr>\n<tr>\n<td>EVGA NVIDIA RTX 3090 Ti<\/td>\n<td>1860 &#8211; 2057<\/td>\n<td>20.4<\/td>\n<\/tr>\n<tr>\n<td>NVIDIA RTX 3090<\/td>\n<td>1755 &#8211; 1885<\/td>\n<td>19.5<\/td>\n<\/tr>\n<tr>\n<td>AMD Radeon RX 6900 XT<\/td>\n<td>2240 &#8211; 2250<\/td>\n<td>19.5<\/td>\n<\/tr>\n<\/table>\n<h3>Por\u00f3wnanie<\/h3>\n<p>EVGA GeForce RTX 3090 Ti oferuje znacz\u0105ce ulepszenie w por\u00f3wnaniu z RTX 3090, z wy\u017cszymi osi\u0105gami w grze i lepszym ch\u0142odzeniem. Jest nieco przewy\u017cszona przez RX 6900 XT pod wzgl\u0119dem zu\u017cycia energii, ale pozostaje jednym z najsilniejszych GPU na rynku dla renderowania obrazu i gry w wysokiej rozdzielczo\u015bci.<\/p>\n<h2>Wnioski dotycz\u0105ce EVGA GeForce RTX 3090 Ti FTW3 Ultra Gaming dla graczy i tw\u00f3rc\u00f3w<\/h2>\n<p><strong>EVGA GeForce RTX 3090 Ti FTW3 Ultra Gaming<\/strong> jest flagow\u0105 kart\u0105 graficzn\u0105 dla zaawansowanych graczy i tw\u00f3rc\u00f3w tre\u015bci, kt\u00f3rzy chc\u0105 osi\u0105gn\u0105\u0107 wyj\u0105tkowe wydajanie. Z 10 752 rdzeniami CUDA oferuje znacz\u0105cy wzrost wydajno\u015bci w por\u00f3wnaniu z poprzednikiem, GeForce RTX 3090. Ta poprawa prze\u0142o\u017cy\u0142a si\u0119 na niezwyk\u0142e do\u015bwiadczenie gry i tworzenia, szczeg\u00f3lnie dzi\u0119ki natywnemu wsparciu dla tra\u015bowania promieni i technologii DLSS dla nowszych gier.<\/p>\n<p>Dla graczy karta umo\u017cliwia cieszenie si\u0119 p\u0142ynno\u015bci\u0105 w 8K, nawet z w\u0142\u0105czonym DLSS. Jest r\u00f3wnie\u017c wyposa\u017cona w zaawansowany system ch\u0142odzenia, kt\u00f3ry zapewnia stabiln\u0105 i cich\u0105 temperatur\u0119 podczas intensywnego u\u017cytkowania.<\/p>\n","protected":false},"excerpt":{"rendered":"<p>Wyobra\u017a sobie produkt, kt\u00f3ry przekszta\u0142ca tw\u00f3j komputer w statek kosmiczny nap\u0119dzany gwiazdami, rozpowszechniaj\u0105c grafiki o kosmicznej intensywno\u015bci. <strong>EVGA GeForce RTX 3090 Ti FTW3 Ultra Gaming<\/strong>, z jej <strong>10 752 rdzeni CUDA<\/strong>, oferuje tra\u015bowanie promieni, kt\u00f3re maluje rzeczywisto\u015b\u0107 w hiperrealizmie, oraz szybko\u015b\u0107 renderowania wideo zdoln\u0105 do pokonania najwi\u0119kszych system\u00f3w produkcyjnych. Z jej ultraefektywnym ch\u0142odzeniem utrzymuje si\u0119 na zimno nawet pod ci\u0119\u017ckim naciskiem gier <strong>8K<\/strong>. Przygotuj si\u0119 na podr\u00f3\u017c poza widzialne, gdzie ka\u017cdy klatka jest przygod\u0105 kosmiczn\u0105.<\/p>\n<p>Ta karta nie tylko rysuje cyfrowe \u015bwiaty; sprawia, \u017ce istniej\u0105 w trzech wymiarach, z p\u0142ynno\u015bci\u0105 i precyzj\u0105, kt\u00f3ra wydaje si\u0119 pochodzi\u0107 z niedost\u0119pnego <strong>przysz\u0142o\u015bci<\/strong>.<\/p>\n","protected":false},"featured_media":13226,"comment_status":"open","ping_status":"closed","template":"","meta":{"_seopress_robots_primary_cat":"","_seopress_titles_title":"EVGA GeForce RTX 3090 Ti FTW3 Ultra Gaming : Grafika Kosmiczna","_seopress_titles_desc":"10 752 rdzeni CUDA, tra\u015bowanie promieni i ch\u0142odzenie ultraefektywne. Przekszta\u0142\u0107 sw\u00f3j PC w statek kosmiczny.","_seopress_robots_index":"","_gspb_post_css":""},"pwb-brand":[315],"store":[],"product_brand":[],"product_cat":[461],"product_tag":[],"class_list":{"0":"post-24473","1":"product","2":"type-product","3":"status-publish","4":"has-post-thumbnail","6":"pwb-brand-evga","7":"product_cat-karta-graficzna","9":"first","10":"instock","11":"shipping-taxable","12":"product-type-external"},"brands":[{"id":315,"name":"EVGA","slug":"evga"}],"_links":{"self":[{"href":"https:\/\/www.gamer.parts\/pl\/wp-json\/wp\/v2\/product\/24473","targetHints":{"allow":["GET"]}}],"collection":[{"href":"https:\/\/www.gamer.parts\/pl\/wp-json\/wp\/v2\/product"}],"about":[{"href":"https:\/\/www.gamer.parts\/pl\/wp-json\/wp\/v2\/types\/product"}],"replies":[{"embeddable":true,"href":"https:\/\/www.gamer.parts\/pl\/wp-json\/wp\/v2\/comments?post=24473"}],"wp:featuredmedia":[{"embeddable":true,"href":"https:\/\/www.gamer.parts\/pl\/wp-json\/wp\/v2\/media\/13226"}],"wp:attachment":[{"href":"https:\/\/www.gamer.parts\/pl\/wp-json\/wp\/v2\/media?parent=24473"}],"wp:term":[{"taxonomy":"pwb-brand","embeddable":true,"href":"https:\/\/www.gamer.parts\/pl\/wp-json\/wp\/v2\/pwb-brand?post=24473"},{"taxonomy":"store","embeddable":true,"href":"https:\/\/www.gamer.parts\/pl\/wp-json\/wp\/v2\/store?post=24473"},{"taxonomy":"product_brand","embeddable":true,"href":"https:\/\/www.gamer.parts\/pl\/wp-json\/wp\/v2\/product_brand?post=24473"},{"taxonomy":"product_cat","embeddable":true,"href":"https:\/\/www.gamer.parts\/pl\/wp-json\/wp\/v2\/product_cat?post=24473"},{"taxonomy":"product_tag","embeddable":true,"href":"https:\/\/www.gamer.parts\/pl\/wp-json\/wp\/v2\/product_tag?post=24473"}],"curies":[{"name":"wp","href":"https:\/\/api.w.org\/{rel}","templated":true}]}}