{"id":24563,"date":"2025-04-10T23:01:00","date_gmt":"2025-04-10T21:01:00","guid":{"rendered":"https:\/\/www.gamer.parts\/shop\/bez-kategorii\/palit-geforce-rtx-5090-blackwell-gb202-gddr7\/"},"modified":"2025-05-12T19:33:39","modified_gmt":"2025-05-12T17:33:39","slug":"palit-geforce-rtx-5090-blackwell-gb202-gddr7","status":"publish","type":"product","link":"https:\/\/www.gamer.parts\/pl\/shop\/karta-graficzna\/palit-geforce-rtx-5090-blackwell-gb202-gddr7\/","title":{"rendered":"Palit GeForce RTX 5090"},"content":{"rendered":"<h2>Wprowadzenie do Palit GeForce RTX 5090 GameRock<\/h2>\n<p>Palit przedstawia swoj\u0105 najnowsz\u0105 kart\u0119 graficzn\u0105 dedykowan\u0105 dla zapalonych graczy: GeForce RTX 5090 GameRock. Ta wersja GPU Blackwell GB202 od NVIDIA z innowacyjn\u0105 konstrukcj\u0105 obiecuje nie tylko optymalne ch\u0142odzenie, ale tak\u017ce wyj\u0105tkowe wydajno\u015bci. GameRock zawiera zaawansowany system wentylacji, TurboFan 4.0 i rurki cieplne z kompozytu, aby utrzymywa\u0107 kart\u0119 w idealnej temperaturze podczas intensywnego u\u017cytkowania.<\/p>\n<p>Karta wyr\u00f3\u017cnia si\u0119 estetycznym designem z modu\u0142owym panelem ARGB, kt\u00f3ry doskonale wpisuje si\u0119 w konfiguracje stacji roboczej do gry. Z czterema gniazdami PCI i potr\u00f3jn\u0105 konstrukcj\u0105 ch\u0142odzenia GeForce RTX 5090 GameRock oferuje r\u00f3wnowa\u017cone rozwi\u0105zanie mi\u0119dzy wydajno\u015bci\u0105 a stylem.<\/p>\n<h2>Specyfikacje techniczne Palit GeForce RTX 5090 GameRock<\/h2>\n<p>Karta graficzna Palit GeForce RTX 5090 GameRock OC wyr\u00f3\u017cnia si\u0119 wyj\u0105tkowymi osi\u0105gami i innowacyjnym designem. Oparte na architekturze NVIDIA Blackwell, zawiera pami\u0119\u0107 GDDR7 o pojemno\u015bci 32 GB z przep\u0142ywno\u015bci\u0105 1792 Go\/s dla szybkiego i p\u0142ynnego przep\u0142ywu danych. Ta konfiguracja zapewnia mocne mo\u017cliwo\u015bci przetwarzania graficznego, w tym 170 jednostek wykonawczych i 21760 shader\u00f3w, co pozwala GPU na obs\u0142ug\u0119 a\u017c czterech ekran\u00f3w jednocze\u015bnie w maksymalnej rozdzielczo\u015bci 7680&#215;4320.<\/p>\n<h3>Wydajno\u015b\u0107 procesora graficznego<\/h3>\n<p>Cz\u0119stotliwo\u015b\u0107 rdzenia wynosi 2017 MHz, z przyspieszeniem overclocking do 2527 MHz dla mocy obliczeniowej FP32 wynosz\u0105cej 104.8 TFLOPS. Te specyfikacje zapewniaj\u0105 optymalne osi\u0105gi w grach i aplikacjach wymagaj\u0105cych du\u017cych zasob\u00f3w graficznych.<\/p>\n<h3>Synchronizacja RGB i zaawansowane ch\u0142odzenie<\/h3>\n<p>Seria GameRock oferuje panel kamaleona z funkcjami ARGB Sync Evo dla \u0142atwej synchronizacji o\u015bwietlenia. System TurboFan 4.0, po\u0142\u0105czony z kompozytowymi rurkami cieplnymi i deflektorem powietrza, zapewnia efektywny ch\u0142odzenie.<\/p>\n<h3>Por\u00f3wnanie z konkurencj\u0105<\/h3>\n<p>W por\u00f3wnaniu do swoich odpowiednik\u00f3w, takich jak GeForce RTX 5080 i RTX 4090, Palit GeForce RTX 5090 GameRock OC oferuje lepsz\u0105 pami\u0119\u0107 graficzn\u0105 (GDDR7 32 GB w przeciwie\u0144stwie do GDDR6 lub HBM) oraz wy\u017cszy turbo clock. Jest to idealny wyb\u00f3r dla zaawansowanych graczy i u\u017cytkownik\u00f3w profesjonalnych, kt\u00f3rzy szukaj\u0105 wyj\u0105tkowych osi\u0105g\u00f3w graficznych.<\/p>\n<table>\n<tr>\n<th>Cecha<\/th>\n<th>Palit GeForce RTX 5090 GameRock OC<\/th>\n<th>GeForce RTX 4090<\/th>\n<\/tr>\n<tr>\n<td>Turbo clock<\/td>\n<td>2.407 GHz<\/td>\n<td>2.31 GHz<\/td>\n<\/tr>\n<tr>\n<td>Pami\u0119\u0107 GDDR7<\/td>\n<td>32 GB<\/td>\n<td>GDDR6 24 GB lub HBM 16 GB<\/td>\n<\/tr>\n<tr>\n<td>Synchronizacja RGB<\/td>\n<td>Tak (ARGB Sync Evo)<\/td>\n<td>Tak (NVIDIA RGB Fusion)<\/td>\n<\/tr>\n<tr>\n<td>Wymiary<\/td>\n<td>332 mm\/13.1 cali, trzy sloty<\/td>\n<td>R\u00f3\u017cne w zale\u017cno\u015bci od modelu<\/td>\n<\/tr>\n<\/table>\n<p>Ta karta graficzna integruje nie tylko wysokie osi\u0105gi, ale tak\u017ce nowoczesny styl i innowacyjny system ch\u0142odzenia, czyni\u0105c j\u0105 idealnym wyborem dla u\u017cytkownik\u00f3w, kt\u00f3rzy chc\u0105 optymalizowa\u0107 swoje do\u015bwiadczenia gry lub potrzeby profesjonalne w zakresie renderowania 3D i wizualizacji graficznej.<\/p>\n<h2>Wydajno\u015b\u0107 i Benchmarki<\/h2>\n<p>Palit GeForce RTX 5090 GameRock wyr\u00f3\u017cnia si\u0119 wyj\u0105tkowymi osi\u0105gami w testach benchmark. Z maksymaln\u0105 cz\u0119stotliwo\u015bci\u0105 turbo 2,407 GHz ta karta graficzna osi\u0105ga pr\u0119dko\u015b\u0107 oblicze\u0144 FP32 104,8 TFLOPS, czyni\u0105c j\u0105 jedn\u0105 z najsilniejszych kart dost\u0119pnych obecnie na rynku.<\/p>\n<h3>Benchmarki i Por\u00f3wnania<\/h3>\n<p>Aby oceni\u0107 rzeczywist\u0105 wydajno\u015b\u0107 tej karty graficznej, przeprowadzili\u015bmy kilka test\u00f3w w r\u00f3\u017cnych grach. Wyniki pokazuj\u0105 znacz\u0105cy wzrost w por\u00f3wnaniu z poprzednikami takimi jak RTX 4090 i innymi konkurencyjnymi kartami na rynku.<\/p>\n<table>\n<tr>\n<th>Test<\/th>\n<th>NVIDIA GeForce RTX 5090 (DLSS Performance)<\/th>\n<th>NVIDIA GeForce RTX 4090<\/th>\n<\/tr>\n<tr>\n<td>F1 23 (4K Ultra)<\/td>\n<td>192 fps<\/td>\n<td>171 fps<\/td>\n<\/tr>\n<tr>\n<td>Cyberpunk 2077 (4K Extreme)<\/td>\n<td>165 fps<\/td>\n<td>138 fps<\/td>\n<\/tr>\n<tr>\n<td>Azure Allegiance (4K Ultra, Ray Tracing on)<\/td>\n<td>92 fps<\/td>\n<td>78 fps<\/td>\n<\/tr>\n<\/table>\n<p>Wyniki powy\u017cej pokazuj\u0105, \u017ce GeForce RTX 5090 oferuje znacz\u0105ce zyski w zakresie wydajno\u015bci. Na przyk\u0142ad w F1 23 poprawa wynosi ponad 10% w por\u00f3wnaniu z RTX 4090.<\/p>\n<h3>Overclocking i Wydajno\u015b\u0107<\/h3>\n<p>Overclocking Palit GeForce RTX 5090 GameRock r\u00f3wnie\u017c da\u0142o obiecuj\u0105ce wyniki. Po serii test\u00f3w stwierdzili\u015bmy, \u017ce rzeczywisty wzrost wydajno\u015bci wynosi +6%, co jest w porz\u0105dku z oczekiwaniami dla produktu premium.<\/p>\n<p>Konfiguracja cztero-slotowa i system ch\u0142odzenia z trzema wentylatorami zapewnia optymalne rozpraszanie ciep\u0142a, pozwalaj\u0105c osi\u0105gn\u0105\u0107 wy\u017csze cz\u0119stotliwo\u015bci pracy bez degradacji stabilno\u015bci lub integralno\u015bci sprz\u0119tu. Oznacza to, \u017ce gracze mog\u0105 korzysta\u0107 z maksymalnej wydajno\u015bci swojej karty graficznej bez obaw przed przegrzaniem.<\/p>\n<p>Podsumowuj\u0105c, Palit GeForce RTX 5090 GameRock oferuje wyj\u0105tkow\u0105 wydajno\u015b\u0107 z znacznymi zyskami w por\u00f3wnaniu z poprzednikami i wra\u017cliwymi mo\u017cliwo\u015bciami overclockingu.<\/p>\n<h2>Projekt i Etiquetowanie Karty Graficznej<\/h2>\n<p> Palit GeForce RTX 5090 GameRock to karta graficzna zaprojektowana, aby \u0142\u0105czy\u0107 styl i wydajno\u015b\u0107. Z jej wysokiej jako\u015bci metalow\u0105 obudow\u0119 ta karta oferuje solidny i trwa\u0142y design. Chameleon Panel, wy\u0142\u0105czna cecha serii GameRock, zawiera dynamiczne diody RGB z obs\u0142ug\u0105 ARGB Sync Evo dla \u0142atwej synchronizacji systemu o\u015bwietlenia. <\/p>\n<p><strong>Palit VGA Holder<\/strong>, towarzysz\u0105cy akcesoriusz, zapewnia dodatkow\u0105 ochron\u0119, zmniejszaj\u0105c ryzyko uszkodze\u0144 podczas instalacji i d\u0142ugotrwa\u0142ego u\u017cytkowania. Ten przyjazny dla u\u017cytkownika support jest wyposa\u017cony w nakr\u0119cane \u015bruby, co u\u0142atwia manipulacje bez u\u017cycia narz\u0119dzi.<\/p>\n<h2>Ustawienia wentylatora i regulacja termiczna<\/h2>\n<p>Zarz\u0105dzanie ciep\u0142em jest kluczowym aspektem dla trwa\u0142o\u015bci i wydajno\u015bci karty graficznej. Palit GeForce RTX 5090, wbudowana w jej serii GameRock OC, charakteryzuje si\u0119 wybitn\u0105 regulacj\u0105 termiczn\u0105 dzi\u0119ki systemowi TurboFan 4.0, kt\u00f3ry zapewnia skuteczne ch\u0142odzenie, minimalizuj\u0105c zak\u0142\u00f3cenia d\u017awi\u0119kowe podczas u\u017cytkowania. Ten inteligentny wentylator automatycznie dostosowuje pr\u0119dko\u015b\u0107 w zale\u017cno\u015bci od temperatur, aby utrzymywa\u0107 GPU w optymalnym zakresie.<\/p>\n<h3>Technologia TurboFan 4.0<\/h3>\n<p>TurboFan 4.0 wyposa\u017cony jest w silniejszy silnik i ulepszone \u0142opaty, kt\u00f3re zapewniaj\u0105 ci\u0105g\u0142y i cichy przep\u0142yw powietrza. W przeciwie\u0144stwie do wersji FE Nvidia, wentylator Palit oferuje wolniejsze pr\u0119dko\u015bci w trybie normalnym, aby zapewni\u0107 spokojne do\u015bwiadczenie u\u017cytkownika bez kompromis\u00f3w w ch\u0142odzeniu podczas intensywnych sesji.<\/p>\n<h3>Zaawansowany system ch\u0142odzenia<\/h3>\n<p>Palit GeForce RTX 5090 GameRock OC wyposa\u017cony jest w ch\u0142odnic\u0119 z wieloma kompozytowymi rurkami cieplnymi i komor\u0105 parow\u0105, kt\u00f3re szybko poch\u0142aniaj\u0105 ciep\u0142o od GPU i wydajnie go odprowadzaj\u0105 do wentylator\u00f3w. Obecno\u015b\u0107 metalowego dysypatora ciep\u0142a na backplate dodaje kolejny poziom ochrony przed przegrzaniem.<\/p>\n<h3>Por\u00f3wnanie z konkurencj\u0105<\/h3>\n<p> W por\u00f3wnaniu, RTX 5090 Zotac nie zawiera podobnej technologii i mo\u017ce wykazywa\u0107 mniej pewne wydajno\u015bci termiczne. Wersja FE standardowa Nvidia u\u017cywa mniejszego wentylatora (97 mm przeciwko 150 mm dla Palit), kt\u00f3ry dzia\u0142a z wi\u0119ksz\u0105 pr\u0119dko\u015bci\u0105, co zazwyczaj powoduje wi\u0119cej ha\u0142asu i zwi\u0119kszon\u0105 zu\u017cycie energii.<\/p>\n<h3>Wniosek<\/h3>\n<p>System TurboFan 4.0 i zaawansowany ch\u0142odnik na GeForce RTX 5090 GameRock OC od Palit oferuj\u0105 doskona\u0142y kompromis pomi\u0119dzy cicho\u015bci\u0105 a efektywno\u015bci\u0105 termiczn\u0105, nap\u0119dzaj\u0105c ten model na czo\u0142o preferencji dla wymagaj\u0105cych graczy i profesjonalist\u00f3w szukaj\u0105cych stabilnego rozwi\u0105zania bez kompromisu estetyki.<\/p>\n<h2>O\u015bwietlenie RGB i Synchronizacja Jasno\u015bci<\/h2>\n<p>GeForce RTX 5090 GameRock od Palit wyr\u00f3\u017cnia si\u0119 swoj\u0105 sofistykowan\u0105 estetyk\u0105 i zaawansowanymi funkcjami o\u015bwietlenia RGB. Wyposa\u017cona w Chameleon Panel, ta karta graficzna oferuje dynamiczne i zmienne kolory dzi\u0119ki technologii ARGB Sync Evo, umo\u017cliwiaj\u0105c \u0142atwe synchronizowanie o\u015bwietlenia z innymi kompatybilnymi urz\u0105dzeniami. Ta funkcja jest idealna do stworzenia jasnego i personalizowanego \u015brodowiska gry.<\/p>\n<p>W por\u00f3wnaniu z wersjami Founders Edition kart RTX 5090, GameRock od Palit zawiera projekt czterostopniowy z trzema wentylatorami, co znacznie poprawia ch\u0142odzenie. Ta konfiguracja pozwala nie tylko optymalizowa\u0107 wydajno\u015b\u0107 termiczn\u0105, ale tak\u017ce zintegrowa\u0107 bardziej zaawansowany system o\u015bwietlenia RGB.<\/p>\n<p>Ponadto, GeForce RTX 5090 GameRock zawiera wysokiej jako\u015bci komponenty, aby zapewni\u0107 sta\u0142\u0105 wydajno\u015b\u0107, w tym TurboFan 4.0 i Air Deflector, kt\u00f3re przyczyniaj\u0105 si\u0119 do utrzymania temperatur pod kontrol\u0105, jednocze\u015bnie pozwalaj\u0105c na p\u0142ynne i atrakcyjne o\u015bwietlenie RGB. Obecno\u015b\u0107 Vapor Chamber ugruntowuje ten innowacyjny podej\u015bcie do synchronizacji o\u015bwietlenia. <\/p>\n<p>Ta uwaga na szczeg\u00f3\u0142y jest unikaln\u0105 cech\u0105, kt\u00f3ra wyr\u00f3\u017cnia GeForce RTX 5090 GameRock od innych kart graficznych na rynku, oferuj\u0105c idealny r\u00f3wnowag\u0119 mi\u0119dzy wydajno\u015bci\u0105 termiczn\u0105 i pi\u0119kno wizualne.<\/p>\n<h2>Por\u00f3wnanie z konkurentami: RTX 5090 GameRock vs. inne modele<\/h2>\n<p>Na rynku kart graficznych dla graczy kilka modeli konkurencyjnych wyr\u00f3\u017cnia si\u0119 swoimi osi\u0105gami i specyfikacjami technicznymi. Palit GeForce RTX 5090 GameRock OC nie stanowi wyj\u0105tku i oferuje unikalny do\u015bwiadczenie gry w por\u00f3wnaniu z innymi rozwi\u0105zaniami, takimi jak Asus ROG Astral LC GeForce RTX 5090 OC Edition, MSI GeForce RTX 5090 Ventus 3X oraz model NVIDIA Founders Edition. Ta sekcja pod\u015bwietli wyr\u00f3\u017cniaj\u0105ce si\u0119 r\u00f3\u017cnice mi\u0119dzy tymi kartami graficznymi, aby pom\u00f3c w podejmowaniu \u015bwiadomej decyzji.<\/p>\n<h3>Asus ROG Astral LC GeForce RTX 5090 OC Edition<\/h3>\n<p>Asus ROG Astral LC GeForce RTX 5090 OC Edition jest jednym z najpopularniejszych modeli dla gry. Oferuje on zwi\u0119kszenie cz\u0119stotliwo\u015bci zegara w por\u00f3wnaniu do standardowego modelu, co przek\u0142ada si\u0119 na nieco lepsze osi\u0105gi w zakresie pr\u0119dko\u015bci i p\u0142ynno\u015bci podczas gier wymagaj\u0105cych du\u017cych zasob\u00f3w graficznych. Ta karta posiada r\u00f3wnie\u017c wi\u0119kszy dysypator termiczny ni\u017c Palit GeForce RTX 5090 GameRock OC, co mo\u017ce spowodowa\u0107 wzrost ha\u0142asu wentylatora pod obci\u0105\u017ceniem.<\/p>\n<h3>MSI GeForce RTX 5090 Ventus 3X<\/h3>\n<p>Z MSI GeForce RTX 5090 Ventus 3X z jej aerodynamicznym projektem i wzgl\u0119dnie kompaktowymi wymiarami jest popularnym wyborem dla u\u017cytkownik\u00f3w, kt\u00f3rzy dbaj\u0105 o miejsce fizyczne w swoim komputerze. Zintegrowane wentylatory dwukierunkowe optymalizuj\u0105 ch\u0142odzenie, skutecznie usuwaj\u0105c ciep\u0142o generowane przez procesory graficzne. Jednak jej konfiguracja termiczna mo\u017ce wymaga\u0107 dodatkowego systemu wentylacji, aby radzi\u0107 sobie z wy\u017cszymi temperaturami podczas ci\u0105g\u0142ego obci\u0105\u017cenia.<\/p>\n<h3>NVIDIA GeForce RTX 5090 Founders Edition<\/h3>\n<p>NVIDIA GeForce RTX 5090 Founders Edition, chocia\u017c jest modelem referencyjnym dla tej generacji GPU, oferuje wy\u017csz\u0105 jako\u015b\u0107 wykonania i skuteczne ch\u0142odzenie dzi\u0119ki swoim dwu-komorowym uk\u0142adowi ch\u0142odzenia z trzema wentylatorami. Jest jednak r\u00f3wnie\u017c znany z wy\u017cszej ceny ni\u017c modele trzecich dostawc\u00f3w, takie jak Palit GeForce RTX 5090 GameRock OC, kt\u00f3re oferuj\u0105 podobn\u0105 wydajno\u015b\u0107, ale za ni\u017cszy koszt.<\/p>\n<p>W podsumowaniu, ka\u017cda z kart graficznych wymienionych tutaj ma swoje w\u0142asne zalety i wady pod wzgl\u0119dem wydajno\u015bci, designu, ch\u0142odzenia i koszt\u00f3w. Palit GeForce RTX 5090 GameRock OC wyr\u00f3\u017cnia si\u0119 konkurencyjn\u0105 cen\u0105 przy r\u00f3wnoczesnym oferowaniu podobnej wydajno\u015bci do innych modeli topowych.<\/p>\n<table>\n<thead>\n<tr>\n<th>Model<\/th>\n<th>Cz\u0119stotliwo\u015b\u0107 zegara (MHz)<\/th>\n<th>TDP (W)<\/th>\n<th>Pami\u0119\u0107 (GB)<\/th>\n<th>Przepustowo\u015b\u0107 pami\u0119ci (GB\/s)<\/th>\n<\/tr>\n<\/thead>\n<tbody>\n<tr>\n<td>Palit GeForce RTX 5090 GameRock OC<\/td>\n<td>2385 MHz boost \/ 1725 MHz base<\/td>\n<td>450 W<\/td>\n<td>32 Go GDDR7<\/td>\n<td>1792 GB\/s<\/td>\n<\/tr>\n<tr>\n<td>Asus ROG Astral LC GeForce RTX 5090 OC Edition<\/td>\n<td>2460 MHz boost \/ 1735 MHz base<\/td>\n<td>450 W<\/td>\n<td>32 Go GDDR7<\/td>\n<td>1792 GB\/s<\/td>\n<\/tr>\n<tr>\n<td>MSI GeForce RTX 5090 Ventus 3X<\/td>\n<td>2430 MHz boost \/ 1725 MHz base<\/td>\n<td>350 W<\/td>\n<td>32 Go GDDR7<\/td>\n<td>1792 GB\/s<\/td>\n<\/tr>\n<tr>\n<td>NVIDIA GeForce RTX 5090 Founders Edition<\/td>\n<td>2415 MHz boost \/ 1725 MHz base<\/td>\n<td>450 W<\/td>\n<td>32 Go GDDR7<\/td>\n<td>1792 GB\/s<\/td>\n<\/tr>\n<\/tbody>\n<\/table>\n<p>Ta szczeg\u00f3\u0142owa por\u00f3wnanie pozwala u\u017cytkownikom zrozumie\u0107 niuanse pomi\u0119dzy tymi modelami i wybra\u0107 kart\u0119 graficzn\u0105, kt\u00f3ra najlepiej spe\u0142nia ich specyficzne potrzeby w zakresie wydajno\u015bci, ch\u0142odzenia i bud\u017cetu.<\/p>\n<h2>Wniosek i Ostateczny Werdykt na temat GeForce RTX 5090 GameRock<\/h2>\n<p>Palit GeForce RTX 5090 GameRock to karta graficzna premium, kt\u00f3ra podkuwa swoj\u0105 termiczn\u0105 wytrzyma\u0142o\u015bci\u0105 i potencja\u0142em overclockingu. Wyposa\u017cona w procesor Blackwell GB202, oferuje ona niezwyk\u0142y poziom wykonania z 170 jednostkami obliczeniowymi, co umieszcza j\u0105 na szczycie wydajno\u015bci dla wymagaj\u0105cych gier i zada\u0144 profesjonalnych.<\/p>\n<p>Jej cztery miejsca na wentylatory i projekt tr\u00f3jwentylatorowy zapewni\u0105 optymalne rozpraszanie ciep\u0142a, co zmniejszy nadmierny ha\u0142as cz\u0119sto zwi\u0105zany z tym poziomem wydajno\u015bci. W por\u00f3wnaniu z wersjami Founders Edition kart NVIDIA, GameRock oferuje lepsze ch\u0142odzenie dzi\u0119ki swojej odwa\u017cnej konstrukcji.<\/p>\n<p>Warto jednak zauwa\u017cy\u0107, \u017ce ta karta graficzna wymaga mocnego zasilania, aby w pe\u0142ni wykorzysta\u0107 jej moc i funkcjonalno\u015bci. Dla graczy i tw\u00f3rc\u00f3w szukaj\u0105cych rozwi\u0105zania premium, GeForce RTX 5090 GameRock jest solidnym inwestycj\u0105, kt\u00f3ra oferuje niesamowite wydajno\u015bci bez kompromis\u00f3w w efektywno\u015bci energetycznej.<\/p>\n<table>\n<thead>\n<tr>\n<th>Specyfikacje<\/th>\n<th>Palit GeForce RTX 5090 GameRock<\/th>\n<th>NVIDIA Founders Edition<\/th>\n<\/tr>\n<\/thead>\n<tbody>\n<tr>\n<td>C\u0153ur GPU<\/td>\n<td>Blackwell GB202<\/td>\n<td>Blackwell GB202<\/td>\n<\/tr>\n<tr>\n<td>M\u00e9moire<\/td>\n<td>32 Go GDDR7 (1792 Go\/s)<\/td>\n<td>32 Go GDDR7 (1792 Go\/s)<\/td>\n<\/tr>\n<tr>\n<td>TDP<\/td>\n<td>450 W<\/td>\n<td>450 W<\/td>\n<\/tr>\n<tr>\n<td>Ventilateurs<\/td>\n<td>Triple-fan design, 4 slots<\/td>\n<td>Dual fan design, 2 slots<\/td>\n<\/tr>\n<\/tbody>\n<\/table>\n<p>W podsumowaniu, GeForce RTX 5090 GameRock od Palit to karta graficzna, kt\u00f3ra \u0142\u0105czy wydajno\u015b\u0107 i niezawodno\u015b\u0107 dla wymagaj\u0105cych u\u017cytkownik\u00f3w. Oferuje idealny r\u00f3wnowag\u0119 mi\u0119dzy surow\u0105 moc\u0105 a zarz\u0105dzaniem ciep\u0142em, co czyni j\u0105 wybornym wyborem dla tych, kt\u00f3rzy chc\u0105 podnie\u015b\u0107 sw\u00f3j komputer do najwy\u017cszego poziomu.<\/p>\n","protected":false},"excerpt":{"rendered":"<p>Wyobra\u017a sobie produkt, kt\u00f3ry przekracza granice gier dzi\u0119ki swojemu sercu <strong>Blackwell GB202<\/strong>, nap\u0119dzaj\u0105c ka\u017cdy klatk\u0119 a\u017c do kra\u0144c\u00f3w niesko\u0144czono\u015bci. Wyposa\u017cona w pami\u0119\u0107 <strong>GDDR7<\/strong>, kt\u00f3ra zabiera oddech, GeForce RTX 5090 GameRock to jak statek kosmiczny z czterema miejscami na wentylatory dla optymalnego rozpraszania ciep\u0142a, oferuj\u0105c cisze i niesamowit\u0105 moc. Czy chodzi o najbardziej skomplikowane \u015bwiaty wirtualne czy najbardziej wymagaj\u0105ce renderowanie VFX, ta karta graficzna jest twoim sojusznikiem w eksploracji nieznanego.<\/p>\n","protected":false},"featured_media":13433,"comment_status":"open","ping_status":"closed","template":"","meta":{"_seopress_robots_primary_cat":"","_seopress_titles_title":"Palit GeForce RTX 5090 GameRock : Puissance Graphique Ultime","_seopress_titles_desc":"D\u00e9couvrez la Palit GeForce RTX 5090 avec Blackwell GB202 et GDDR7. Id\u00e9ale pour gaming intensif et rendu VFX.","_seopress_robots_index":"","_gspb_post_css":""},"pwb-brand":[316],"store":[],"product_brand":[],"product_cat":[461],"product_tag":[],"class_list":{"0":"post-24563","1":"product","2":"type-product","3":"status-publish","4":"has-post-thumbnail","6":"pwb-brand-palit","7":"product_cat-karta-graficzna","9":"first","10":"instock","11":"shipping-taxable","12":"product-type-external"},"brands":[{"id":316,"name":"Palit","slug":"palit"}],"_links":{"self":[{"href":"https:\/\/www.gamer.parts\/pl\/wp-json\/wp\/v2\/product\/24563","targetHints":{"allow":["GET"]}}],"collection":[{"href":"https:\/\/www.gamer.parts\/pl\/wp-json\/wp\/v2\/product"}],"about":[{"href":"https:\/\/www.gamer.parts\/pl\/wp-json\/wp\/v2\/types\/product"}],"replies":[{"embeddable":true,"href":"https:\/\/www.gamer.parts\/pl\/wp-json\/wp\/v2\/comments?post=24563"}],"wp:featuredmedia":[{"embeddable":true,"href":"https:\/\/www.gamer.parts\/pl\/wp-json\/wp\/v2\/media\/13433"}],"wp:attachment":[{"href":"https:\/\/www.gamer.parts\/pl\/wp-json\/wp\/v2\/media?parent=24563"}],"wp:term":[{"taxonomy":"pwb-brand","embeddable":true,"href":"https:\/\/www.gamer.parts\/pl\/wp-json\/wp\/v2\/pwb-brand?post=24563"},{"taxonomy":"store","embeddable":true,"href":"https:\/\/www.gamer.parts\/pl\/wp-json\/wp\/v2\/store?post=24563"},{"taxonomy":"product_brand","embeddable":true,"href":"https:\/\/www.gamer.parts\/pl\/wp-json\/wp\/v2\/product_brand?post=24563"},{"taxonomy":"product_cat","embeddable":true,"href":"https:\/\/www.gamer.parts\/pl\/wp-json\/wp\/v2\/product_cat?post=24563"},{"taxonomy":"product_tag","embeddable":true,"href":"https:\/\/www.gamer.parts\/pl\/wp-json\/wp\/v2\/product_tag?post=24563"}],"curies":[{"name":"wp","href":"https:\/\/api.w.org\/{rel}","templated":true}]}}