{"id":24893,"date":"2025-04-27T20:00:14","date_gmt":"2025-04-27T18:00:14","guid":{"rendered":"https:\/\/www.gamer.parts\/shop\/bez-kategorii\/gigabyte-gs27u-ultra-hd-4k-160hz\/"},"modified":"2025-05-13T10:47:26","modified_gmt":"2025-05-13T08:47:26","slug":"gigabyte-gs27u-ultra-hd-4k-160hz","status":"publish","type":"product","link":"https:\/\/www.gamer.parts\/pl\/shop\/monitor-pl\/gigabyte-gs27u-ultra-hd-4k-160hz\/","title":{"rendered":"Gigabyte GS27U 27&#8243;"},"content":{"rendered":"<h2>Przedstawienie Gigabyte GS27U<\/h2>\n<p>Monitor Gigabyte GS27U to 27-calowy ekran gierowy przeznaczony dla wymagaj\u0105cych graczy. Wyposa\u017cony w wysokiej jako\u015bci panel IPS, oferuje rozdzielczo\u015b\u0107 Ultra HD (3840 x 2160 pikseli) i cz\u0119stotliwo\u015b\u0107 od\u015bwie\u017cania 160 Hz, zapewniaj\u0105c p\u0142ynne i precyzyjne obrazy. Jego op\u00f3\u017anienie tylko 1 ms pozwala na eliminowanie op\u00f3\u017anie\u0144 wizualnych, podczas gdy technologia HDR10 zapewnia szeroki zakres dynamiczny dla niezwykle bogatego kontrastu i kolor\u00f3w. GS27U jest r\u00f3wnie\u017c wyposa\u017cony w tryb Flicker-Free i Low Blue Light, aby chroni\u0107 oczy podczas d\u0142ugich sesji gry.<\/p>\n<table>\n<tr>\n<th>Ekran<\/th>\n<td>Panel IPS, 16:9<\/td>\n<\/tr>\n<tr>\n<th>Rozdzielczo\u015b\u0107<\/th>\n<td>3840 x 2160 pikseli (Ultra HD)<\/td>\n<\/tr>\n<tr>\n<th>Cz\u0119stotliwo\u015b\u0107 od\u015bwie\u017cania<\/th>\n<td>160 Hz<\/td>\n<\/tr>\n<tr>\n<th>Op\u00f3\u017anienie<\/th>\n<td>1 ms (G to G)<\/td>\n<\/tr>\n<tr>\n<th>HDR<\/th>\n<td>HDR10<\/td>\n<\/tr>\n<tr>\n<th>Tryby ochrony wzroku<\/th>\n<td>Flicker-Free, Low Blue Light<\/td>\n<\/tr>\n<\/table>\n<h2>Kluczowe cechy techniczne<\/h2>\n<p>Gigabyte GS27U jest wyposa\u017cony w 27-calowy panel IPS z rozdzielczo\u015bci\u0105 natywn\u0105 3840 x 2160 pikseli, oferuj\u0105c bardzo szczeg\u00f3\u0142ow\u0105 i p\u0142ynn\u0105 obraz. Z k\u0105tami widzenia poziomymi i pionowymi 178\u00b0, zapewnia optymalny komfort wizualny dla graczy indywidualnych lub zespo\u0142owych. Jasno\u015b\u0107 350 cd\/m\u00b2 zapewnia kontrast statyczny 1000:1, umo\u017cliwiaj\u0105c wiern\u0105 reprodukcj\u0119 czerni i bieli.<\/p>\n<p>Ten monitor integruje r\u00f3wnie\u017c technologi\u0119 FreeSync Premium Pro, kt\u00f3ra optymalizuje do\u015bwiadczenie gry poprzez redukowanie op\u00f3\u017anie\u0144 mi\u0119dzy sygna\u0142em wideo a cz\u0119stotliwo\u015bci\u0105 wy\u015bwietlania GPU. Wyposa\u017cony w porty HDMI 2.0, DisplayPort 1.4 i USB Type-C, oferuje du\u017c\u0105 elastyczno\u015b\u0107 pod wzgl\u0119dem \u0142\u0105czno\u015bci.<\/p>\n<p>GS27U jest zaprojektowany z podstawk\u0105 obrotow\u0105, kt\u00f3ra umo\u017cliwia dok\u0142adne ustawienia nachylenia, wysoko\u015bci i rotacji, a tak\u017ce tryb HDR obs\u0142uguj\u0105cy format Dolby Vision dla dynamicznych obraz\u00f3w. W por\u00f3wnaniu z konkurencj\u0105 tak\u0105 jak ASUS ROG Swift PG279QNR lub Dell S3221QS, GS27U wyr\u00f3\u017cnia si\u0119 swoj\u0105 rozdzielczo\u015bci\u0105 4K i wsparciem USB Type-C.<\/p>\n<table>\n<thead>\n<tr>\n<th>Cecha<\/th>\n<th>Warto\u015b\u0107<\/th>\n<\/tr>\n<\/thead>\n<tbody>\n<tr>\n<td>Rozdzielczo\u015b\u0107<\/td>\n<td>3840 x 2160 pikseli (UHD)<\/td>\n<\/tr>\n<tr>\n<td>Typ ekranu<\/td>\n<td>IPS<\/td>\n<\/tr>\n<tr>\n<td>Jasno\u015b\u0107<\/td>\n<td>350 cd\/m\u00b2<\/td>\n<\/tr>\n<tr>\n<td>K\u0105ty widzenia<\/td>\n<td>178\u00b0 \/ 178\u00b0 (H\/V)<\/td>\n<\/tr>\n<tr>\n<td>Kontrast statyczny<\/td>\n<td>1000:1<\/td>\n<\/tr>\n<tr>\n<td>Porty wej\u015bciowe<\/td>\n<td>HDMI 2.0, DisplayPort 1.4, USB Type-C<\/td>\n<\/tr>\n<\/tbody>\n<\/table>\n<h2>Wydajno\u015b\u0107 w grze: Ultrarealistyczne do\u015bwiadczenie<\/h2>\n<p><strong>Gigabyte GS27U 27&#8243;<\/strong> oferuje p\u0142ynn\u0105 i zanurzaj\u0105c\u0105 si\u0119 do\u015bwiadczenie gry dzi\u0119ki wyj\u0105tkowemu od\u015bwie\u017caniu 160 Hz, kt\u00f3re znacznie zmniejsza czasy oczekiwania i op\u00f3\u017anienia mi\u0119dzy akcj\u0105 w grze a jej widzeniem. Technologia <em>Adaptive-Sync<\/em>, kompatybilna z FreeSync i G-Sync, zapewnia wy\u015bwietlanie bez rozrywania obrazu, gwarantuj\u0105c doskona\u0142\u0105 p\u0142ynno\u015b\u0107. Wyposa\u017cony w czas odpowiedzi ultra-szybki 1 ms, ekran Super Speed IPS zapewnia jasne i czytelne obrazy nawet w najszybszych scenach akcji.<\/p>\n<p>Ta kombinacja daje znacz\u0105cy przewag\u0119 konkurencyjn\u0105 nad podobne monitory takie jak <strong>ViewSonic VX2758-2K-MHD<\/strong>, kt\u00f3ry osi\u0105ga 144 Hz, i oferuje bardziej realistyczne do\u015bwiadczenie gry bez kompromis\u00f3w w zakresie jako\u015bci obrazu lub wydajno\u015bci. Z rozdzielczo\u015bci\u0105 UHD (3840 x 2160 pikseli), GS27U prezentuje szczeg\u00f3\u0142owe i dok\u0142adne obrazy, podczas gdy jego wsparcie HDR10 jeszcze bardziej poprawia jasno\u015b\u0107 i kontrasty.<\/p>\n<h2>Jako\u015b\u0107 wy\u015bwietlania i niesamowite kolory<\/h2>\n<p>Gigabyte GS27U to prawdziwa per\u0142a w zakresie jako\u015bci obrazu dla graczy. Wyposa\u017cony w wy\u015bwietlacz Ultra HD o rozdzielczo\u015bci 3840 x 2160 pikseli, oferuje niezwyk\u0142y poziom szczeg\u00f3\u0142\u00f3w, kt\u00f3ry przejawia si\u0119 w ostrych i p\u0142ynnych obrazach przy 160 Hz. Ta wysoka cz\u0119stotliwo\u015b\u0107 od\u015bwie\u017cania zapewnia do\u015bwiadczenie bez op\u00f3\u017anie\u0144 ani efektu ghosting, co jest kluczowe dla wymagaj\u0105cych gier.<\/p>\n<p>GS27U posiada panel IPS wysokiej jako\u015bci, oferuj\u0105cy szeroki k\u0105t widzenia i \u017cywe kolory, kt\u00f3re pozostaj\u0105 wierne nawet na obrze\u017cach pola widzenia. Z g\u0142\u0119boko\u015bci\u0105 koloru 8 bit\u00f3w i obs\u0142ug\u0105 zakresu DCI-P3 na poziomie 95%, ten monitor wyr\u00f3\u017cnia si\u0119 w wy\u015bwietlaniu bogatych i realistycznych kolor\u00f3w, idealnych zar\u00f3wno dla tworzenia cyfrowego, jak i gier.<\/p>\n<p>Ponadto, jego certyfikacja DisplayHDR 400 zapewnia wysoki kontrast i g\u0142\u0119bokie czerni, kt\u00f3re dodaj\u0105 jeszcze wi\u0119cej blasku do twoich gier i film\u00f3w. Technologia Adaptive-Sync umo\u017cliwia doskona\u0142\u0105 synchronizacj\u0119 mi\u0119dzy wy\u015bwietlanym obrazem a cz\u0119stotliwo\u015bci\u0105 od\u015bwie\u017cania, aby unikn\u0105\u0107 op\u00f3\u017anie\u0144 i u\u0142atwi\u0107 do\u015bwiadczenie wizualne.<\/p>\n<p>W por\u00f3wnaniu z konkurencyjnymi monitorami takimi jak Dell S2719DGF lub ViewSonic XG270HG, GS27U wyr\u00f3\u017cnia si\u0119 swoim wy\u015bwietlaczem UHD i szerszym zakresem kolor\u00f3w, oferuj\u0105c niezwyk\u0142\u0105 przewag\u0119 w zakresie precyzji wizualnej i zanurzenia.<\/p>\n<p>Og\u00f3lnie rzecz bior\u0105c, monitor Gigabyte GS27U jest m\u0105drym wyborem dla graczy, kt\u00f3rzy szukaj\u0105 wyj\u0105tkowej jako\u015bci obrazu z niezwykle \u017cywymi kolorami i optymaln\u0105 p\u0142ynno\u015bci\u0105.<\/p>\n<h2>Technologia HDR: Dla bardziej kontrastowych obraz\u00f3w<\/h2>\n<p>Gigabyte GS27U zawiera technologi\u0119 HDR, oferuj\u0105c lepszy kontrast i zakres dynamiczny dla jasnych i ciemnych scen, kt\u00f3re wyj\u0105tkowo dok\u0142adnie si\u0119 wyr\u00f3\u017cniaj\u0105. Wyposa\u017cony w cz\u0119stotliwo\u015b\u0107 od\u015bwie\u017cania do 160 Hz i kompatybilno\u015b\u0107 z HDR10, GS27U zapewnia p\u0142ynno\u015b\u0107 w grach, zachowuj\u0105c jednocze\u015bnie jako\u015b\u0107 obrazu najdrobniejszych szczeg\u00f3\u0142\u00f3w. Monitor oferuje r\u00f3wnie\u017c szeroki zakres kolor\u00f3w i wspiera wiele tryb\u00f3w gamma do personalizacji do\u015bwiadczenia wy\u015bwietlania wed\u0142ug Twoich preferencji.<\/p>\n<p>W por\u00f3wnaniu z konkurencj\u0105, tak\u0105 jak LG 27GL850F lub ASUS TUF Gaming VG27AQ, GS27U wyr\u00f3\u017cnia si\u0119 swoim wysokiej jako\u015bci ekranem IPS i wysok\u0105 cz\u0119stotliwo\u015bci\u0105 od\u015bwie\u017cania. GS27U oferuje zwi\u0119kszon\u0105 dok\u0142adno\u015b\u0107 kolor\u00f3w dzi\u0119ki swojej kalibracji HDR, co umo\u017cliwia realistyczne i zanurzaj\u0105ce do\u015bwiadczenie w grach.<\/p>\n<table>\n<thead>\n<tr>\n<th>Cechy<\/th>\n<th>Gigabyte GS27U<\/th>\n<th>LG 27GL850F<\/th>\n<th>ASUS TUF Gaming VG27AQ<\/th>\n<\/tr>\n<\/thead>\n<tbody>\n<tr>\n<td>Cz\u0119stotliwo\u015b\u0107 od\u015bwie\u017cania<\/td>\n<td>160 Hz (48-160 Hz)<\/td>\n<td>165 Hz<\/td>\n<td>170 Hz<\/td>\n<\/tr>\n<tr>\n<td>Jasno\u015b\u0107<\/td>\n<td>350 cd\/m\u00b2<\/td>\n<td>350 cd\/m\u00b2<\/td>\n<td>250 cd\/m\u00b2<\/td>\n<\/tr>\n<tr>\n<td>Kontrast statyczny<\/td>\n<td>1000 : 1<\/td>\n<td>1000 : 1<\/td>\n<td>800 : 1<\/td>\n<\/tr>\n<tr>\n<td>Kolory wspierane<\/td>\n<td>SRGB 127%<\/td>\n<td>sRGB 99%<\/td>\n<td>DCI-P3 95%<\/td>\n<\/tr>\n<\/tbody>\n<\/table>\n<h2>Kompatybilno\u015b\u0107 i \u0142\u0105czno\u015b\u0107<\/h2>\n<p>Monitor Gigabyte GS27U oferuje du\u017c\u0105 elastyczno\u015b\u0107 w zakresie kompatybilno\u015bci z r\u00f3\u017cnymi sprz\u0119tem do gier, szczeg\u00f3lnie dzi\u0119ki licznym opcjom \u0142\u0105czno\u015bci. Wyposa\u017cony jest w port HDMI 2.0 dla wysokiej jako\u015bci transmisji wideo, a tak\u017ce port DisplayPort 1.4 dla optymalnych wynik\u00f3w graficznych. Ponadto jego gniazdo USB Type-C umo\u017cliwia nie tylko przesy\u0142anie d\u017awi\u0119ku i obrazu, ale r\u00f3wnie\u017c \u0142adowanie kompatybilnych urz\u0105dze\u0144. GS27U jest kompatybilny z technologiami FreeSync i G-Sync Compatible, zapewniaj\u0105c p\u0142ynn\u0105 i bez op\u00f3\u017anie\u0144 do\u015bwiadczenie dla graczy. Obecno\u015b\u0107 gniazda jack 3.5 mm u\u0142atwia pod\u0142\u0105czenie s\u0142uchawek lub zewn\u0119trznych g\u0142o\u015bnik\u00f3w, podczas gdy jego monta\u017c VESA (100 x 100mm) pozwala na zamontowanie go na \u015bcianie, je\u015bli chcesz zaoszcz\u0119dzi\u0107 miejsce na biurku.<\/p>\n<table>\n<thead>\n<tr>\n<th>Porty<\/th>\n<th>Opis<\/th>\n<\/tr>\n<\/thead>\n<tbody>\n<tr>\n<td>HDMI 2.0<\/td>\n<td>Dla wysokiej jako\u015bci transmisji wideo.<\/td>\n<\/tr>\n<tr>\n<td>DisplayPort 1.4<\/td>\n<td>Dla optymalnej jako\u015bci graficznej i przesy\u0142ania obraz\u00f3w UHD z bardzo du\u017c\u0105 przepustowo\u015bci\u0105.<\/td>\n<\/tr>\n<tr>\n<td>USB Type-C<\/td>\n<td>S\u0142u\u017cy do obrazu, d\u017awi\u0119ku i \u0142adowania niekt\u00f3rych urz\u0105dze\u0144.<\/td>\n<\/tr>\n<tr>\n<td>Jack 3.5mm (audio)<\/td>\n<td>Dla pod\u0142\u0105czenia s\u0142uchawek lub zewn\u0119trznych g\u0142o\u015bnik\u00f3w.<\/td>\n<\/tr>\n<\/tbody>\n<\/table>\n<p>Ta wielostronno\u015b\u0107 w zakresie \u0142\u0105czno\u015bci czyni Gigabyte GS27U idealnym wyborem dla graczy, kt\u00f3rzy szukaj\u0105 monitora, kt\u00f3ry \u0142atwo si\u0119 integruje z ich istniej\u0105cym sprz\u0119tem i oferuje p\u0142ynne do\u015bwiadczenie gry.<\/p>\n<h2>Zarz\u0105dzanie jasno\u015bci\u0105: Ergonomia optymalna dla Twoich oczu<\/h2>\n<p>Gigabyte GS27U oferuje zaawansowane zarz\u0105dzanie jasno\u015bci\u0105, kt\u00f3re zapewnia komfort wzrokowy podczas d\u0142ugich sesji gry. Wyposa\u017cony w technologi\u0119 Low Blue Light i Flicker-Free, ten monitor znacznie zmniejsza ryzyko zm\u0119czenia oczu i problem\u00f3w zwi\u0105zanych z o\u015blepieniem. 27-calowy panel IPS z jasno\u015bci\u0105 350 cd\/m\u00b2 zapewnia wyj\u0105tkowy komfort wzrokowy, utrzymuj\u0105c przy tym \u017cywe i precyzyjne kolory.<\/p>\n<p>W por\u00f3wnaniu do konkurencyjnych monitor\u00f3w takich jak Dell S2719DGF lub ASUS TUF Gaming VG27AQ, GS27U wyr\u00f3\u017cnia si\u0119 swoimi opcjami dostosowywania jasno\u015bci i kontrastu. Te funkcje pozwalaj\u0105 dok\u0142adnie dostosowa\u0107 parametry wed\u0142ug swoich preferencji i warunk\u00f3w o\u015bwietlenia biurka.<\/p>\n<p>Dzi\u0119ki tym technologiom GS27U zapewnia przyjemny i d\u0142ugi czas ogl\u0105dania bez kompromis\u00f3w w jako\u015bci obrazu i zanurzenia w grze.<\/p>\n<h2>Por\u00f3wnanie z konkurencj\u0105<\/h2>\n<p>Gigabyte GS27U wyr\u00f3\u017cnia si\u0119 w\u015br\u00f3d konkurencji dzi\u0119ki r\u00f3wnowadze mi\u0119dzy wydajno\u015bci\u0105 a stosunkiem ceny do jako\u015bci. W tej sekcji por\u00f3wnamy Gigabyte GS27U z kilkoma zauwa\u017calnymi modelami, takimi jak AOC Q27G4 i Gigabyte M27UA.<\/p>\n<h3>Por\u00f3wnanie z AOC Q27G4<\/h3>\n<p><strong>AOC Q27G4<\/strong>, popularny monitor gamingowy, oferuje podobne funkcje do GS27U pod wzgl\u0119dem rozmiaru (27 cali) i rozdzielczo\u015bci (QHD). Jednak GS27U wygrywa z wyj\u0105tkow\u0105 cz\u0119stotliwo\u015bci\u0105 od\u015bwie\u017cania 160 Hz w por\u00f3wnaniu z 144 Hz dla AOC Q27G4. Ponadto, GS27U posiada technologi\u0119 Adaptive-Sync i oferuje obs\u0142ug\u0119 HDR10, zapewniaj\u0105c lepsz\u0105 jako\u015b\u0107 obrazu w trudnych warunkach.<\/p>\n<table>\n<tr>\n<th>Cechy<\/th>\n<th>Gigabyte GS27U<\/th>\n<th>AOC Q27G4<\/th>\n<\/tr>\n<tr>\n<td>Rozmiar ekranu (przek\u0105tna)<\/td>\n<td>684.66 mm<\/td>\n<td>684.66 mm<\/td>\n<\/tr>\n<tr>\n<td>Rozdzielczo\u015b\u0107<\/td>\n<td>2560 x 1440 pikseli<\/td>\n<td>2560 x 1440 pikseli<\/td>\n<\/tr>\n<tr>\n<td>Cz\u0119stotliwo\u015b\u0107 od\u015bwie\u017cania<\/td>\n<td>160 Hz<\/td>\n<td>144 Hz<\/td>\n<\/tr>\n<tr>\n<td>Rozmiar panelu<\/td>\n<td>27 cali<\/td>\n<td>27 cali<\/td>\n<\/tr>\n<\/table>\n<h3>Por\u00f3wnanie z Gigabyte M27UA<\/h3>\n<p><strong>Gigabyte M27UA<\/strong>, mimo nieco wy\u017cszej ceny, prezentuje istotne r\u00f3\u017cnice. GS27U jest szczeg\u00f3lnie konkurencyjny pod wzgl\u0119dem stosunku jako\u015bci do ceny, oferuj\u0105c tak\u0105 sam\u0105 cz\u0119stotliwo\u015b\u0107 od\u015bwie\u017cania 160 Hz, ale bez obs\u0142ugi G-Sync. Mo\u017ce to by\u0107 wad\u0105 dla zaawansowanych graczy z dynamicznymi grami, ale r\u00f3\u017cnica jest cz\u0119sto zaniedbywalna w praktyce.<\/p>\n<table>\n<tr>\n<th>Cechy<\/th>\n<th>Gigabyte GS27U<\/th>\n<th>Gigabyte M27UA<\/th>\n<\/tr>\n<tr>\n<td>Rozmiar ekranu (przek\u0105tna)<\/td>\n<td>684.66 mm<\/td>\n<td>684.66 mm<\/td>\n<\/tr>\n<tr>\n<td>Rozdzielczo\u015b\u0107<\/td>\n<td>2560 x 1440 pikseli<\/td>\n<td>2560 x 1440 pikseli<\/td>\n<\/tr>\n<tr>\n<td>Cz\u0119stotliwo\u015b\u0107 od\u015bwie\u017cania<\/td>\n<td>160 Hz<\/td>\n<td>160 Hz<\/td>\n<\/tr>\n<tr>\n<td>Rozmiar panelu<\/td>\n<td>27 cali<\/td>\n<td>27 cali<\/td>\n<\/tr>\n<\/table>\n<p>W podsumowaniu, Gigabyte GS27U okazuje si\u0119 wyborn\u0105 opcj\u0105 dla graczy i tw\u00f3rc\u00f3w szukaj\u0105cych r\u00f3wnowagi mi\u0119dzy wydajno\u015bci\u0105 techniczn\u0105 a kosztami. Chocia\u017c niekt\u00f3re konkurencyjne modele oferuj\u0105 dodatkowe funkcje takie jak G-Sync lub bardziej z\u0142o\u017cony design, GS27U pozostaje nie do przewidzenia warto\u015bci\u0105 za swoje stosunek jako\u015b\u0107-cena.<\/p>\n<h2>Wniosek: Dla kogo Gigabyte GS27U jest naprawd\u0119 wskazany?<\/h2>\n<p>Monitor Gigabyte GS27U prezentuje si\u0119 jako idealny wyb\u00f3r dla graczy i profesjonalist\u00f3w szukaj\u0105cych immersywnego do\u015bwiadczenia wizualnego. Z rozdzielczo\u015bci\u0105 Ultra HD 4K, cz\u0119stotliwo\u015bci\u0105 od\u015bwie\u017cania 160 Hz i \u017cywymi kolorami dzi\u0119ki panelowi IPS, oferuje wyj\u0105tkow\u0105 wydajno\u015b\u0107 w zakresie jasno\u015bci obrazu i p\u0142ynno\u015bci ruchu.<\/p>\n<p>Jego kompatybilno\u015b\u0107 z technologi\u0105 Adaptive-Sync zapewnia obraz bez efekt\u00f3w ghosting i plynne przej\u015bcia mi\u0119dzy klatkami. Ponadto, jego wielostronno\u015b\u0107 w zakresie ergonomicznego dostosowania (nachylenie) jest atutem dla d\u0142ugotrwa\u0142ego komfortu.<\/p>\n<p>Jednak konkurencyjne ceny czyni\u0105 t\u0119 opcj\u0119 szczeg\u00f3lnie atrakcyjn\u0105 dla tych, kt\u00f3rzy szukaj\u0105 wysokiego stosunku jako\u015b\u0107-cena bez kompromis\u00f3w w zakresie wydajno\u015bci. Dla wymagaj\u0105cych graczy i u\u017cytkownik\u00f3w profesjonalnych, kt\u00f3rzy pragn\u0105 optymalnej precyzji wizualnej w wymagaj\u0105cych grach i zada\u0144 tw\u00f3rczych, GS27U jest op\u0142acalnym inwestycj\u0105.<\/p>\n<p>Jest on przeznaczony dla tych, kt\u00f3rzy k\u0142ad\u0105 wi\u0119kszy nacisk na jako\u015b\u0107 obrazu ni\u017c na bardziej zaawansowane funkcje takie jak G-SYNC. Ponadto, jego kompaktowy design i \u0142atwy dost\u0119p w magazynach czyni Gigabyte GS27U praktyczn\u0105 opcj\u0105 dla ma\u0142ych biur.<\/p>\n","protected":false},"excerpt":{"rendered":"<p>Wyobra\u017a sobie produkt, kt\u00f3ry przekracza standardy gier i oferuje immersj\u0119 wizualn\u0105 jak okno otwarte na \u015bwiat wirtualny. <strong>Gigabyte GS27U<\/strong>, z jego ekranem ultra-finishing 27&#8243;, przenosi Ci\u0119 do \u015bwiata, gdzie ka\u017cdy piksel ta\u0144czy w doskona\u0142ej harmonii dzi\u0119ki swojej rozdzielczo\u015bci <strong>Ultra HD 4K<\/strong>. Jego niesamowita cz\u0119stotliwo\u015b\u0107 od\u015bwie\u017cania <strong>160 Hz<\/strong> eliminuje wszelkie rozmycia, zapewniaj\u0105c p\u0142ynne obrazy jak p\u0142ywaj\u0105ca woda. Z technologi\u0105 <strong>Adaptive-Sync<\/strong>, przej\u015bcia s\u0105 tak g\u0142adkie jak lot motyla na polu kwiatowym. Czy jeste\u015b graczem czy tw\u00f3rc\u0105, ten monitor jest Twoim sojusznikiem do przekszta\u0142cania marze\u0144 w rzeczywisto\u015b\u0107 wizualn\u0105.<\/p>\n","protected":false},"featured_media":17636,"comment_status":"open","ping_status":"closed","template":"","meta":{"_seopress_robots_primary_cat":"","_seopress_titles_title":"Gigabyte GS27U 27\" : Monitor Gaming Ultra HD 4K, 160Hz","_seopress_titles_desc":"Dojd\u017a do nowego poziomu gry z Gigabyte GS27U. Ekran 27\" Ultra HD 4K, cz\u0119stotliwo\u015b\u0107 od\u015bwie\u017cania 160 Hz i technologia Adaptive-Sync.","_seopress_robots_index":"","_gspb_post_css":""},"pwb-brand":[207],"store":[],"product_brand":[],"product_cat":[468],"product_tag":[],"class_list":{"0":"post-24893","1":"product","2":"type-product","3":"status-publish","4":"has-post-thumbnail","6":"pwb-brand-gigabyte","7":"product_cat-monitor-pl","9":"first","10":"instock","11":"shipping-taxable","12":"product-type-external"},"brands":[{"id":207,"name":"Gigabyte","slug":"gigabyte"}],"_links":{"self":[{"href":"https:\/\/www.gamer.parts\/pl\/wp-json\/wp\/v2\/product\/24893","targetHints":{"allow":["GET"]}}],"collection":[{"href":"https:\/\/www.gamer.parts\/pl\/wp-json\/wp\/v2\/product"}],"about":[{"href":"https:\/\/www.gamer.parts\/pl\/wp-json\/wp\/v2\/types\/product"}],"replies":[{"embeddable":true,"href":"https:\/\/www.gamer.parts\/pl\/wp-json\/wp\/v2\/comments?post=24893"}],"wp:featuredmedia":[{"embeddable":true,"href":"https:\/\/www.gamer.parts\/pl\/wp-json\/wp\/v2\/media\/17636"}],"wp:attachment":[{"href":"https:\/\/www.gamer.parts\/pl\/wp-json\/wp\/v2\/media?parent=24893"}],"wp:term":[{"taxonomy":"pwb-brand","embeddable":true,"href":"https:\/\/www.gamer.parts\/pl\/wp-json\/wp\/v2\/pwb-brand?post=24893"},{"taxonomy":"store","embeddable":true,"href":"https:\/\/www.gamer.parts\/pl\/wp-json\/wp\/v2\/store?post=24893"},{"taxonomy":"product_brand","embeddable":true,"href":"https:\/\/www.gamer.parts\/pl\/wp-json\/wp\/v2\/product_brand?post=24893"},{"taxonomy":"product_cat","embeddable":true,"href":"https:\/\/www.gamer.parts\/pl\/wp-json\/wp\/v2\/product_cat?post=24893"},{"taxonomy":"product_tag","embeddable":true,"href":"https:\/\/www.gamer.parts\/pl\/wp-json\/wp\/v2\/product_tag?post=24893"}],"curies":[{"name":"wp","href":"https:\/\/api.w.org\/{rel}","templated":true}]}}