{"id":25498,"date":"2025-04-18T23:19:48","date_gmt":"2025-04-18T21:19:48","guid":{"rendered":"https:\/\/www.gamer.parts\/shop\/bez-kategorii\/asus-proart-b760-creator-rendering-montaz-wideo\/"},"modified":"2025-05-13T13:54:58","modified_gmt":"2025-05-13T11:54:58","slug":"asus-proart-b760-creator-rendering-montaz-wideo","status":"publish","type":"product","link":"https:\/\/www.gamer.parts\/pl\/shop\/plyta-glowna\/asus-proart-b760-creator-rendering-montaz-wideo\/","title":{"rendered":"ASUS ProArt B760-CREATOR"},"content":{"rendered":"<h2>ASUS ProArt B760-Creator: Idealna P\u0142yta G\u0142\u00f3wna dla Tw\u00f3rc\u00f3w Tre\u015bci?<\/h2>\n<p>ASUS ProArt B760-Creator prezentuje si\u0119 jako p\u0142yta g\u0142\u00f3wna ATX zaprojektowana specjalnie, aby spe\u0142nia\u0107 potrzeby tw\u00f3rc\u00f3w tre\u015bci. Wyodr\u0119bnia si\u0119 dzi\u0119ki zestawowi funkcji skupionych na stabilno\u015bci, \u0142\u0105czno\u015bci i wydajno\u015bci, jednocze\u015bnie oferuj\u0105c doskona\u0142\u0105 relacj\u0119 ceny do jako\u015bci, szczeg\u00f3lnie dzi\u0119ki kompatybilno\u015bci z pami\u0119ci\u0105 DDR4, ta\u0144sz\u0105 alternatyw\u0105 dla najnowszych DDR5.<\/p>\n<p>W sercu tej p\u0142yty g\u0142\u00f3wnej znajduje si\u0119 gniazdo Intel LGA 1700, kompatybilne z procesorami Intel Core 12. i 13. generacji. Zintegrowany system zasilania DIGI+ VRM z 12+1 fazami zapewnia stabilne i niezawodne zasilanie, kluczowe dla wymagaj\u0105cych zada\u0144 takich jak monta\u017c wideo lub renderowanie 3D. Obecno\u015b\u0107 wielu dyssypator\u00f3w ciep\u0142a przyczynia si\u0119 r\u00f3wnie\u017c do utrzymania niskich temperatur, nawet pod obci\u0105\u017ceniem.<\/p>\n<p>\u0141\u0105czno\u015b\u0107 jest siln\u0105 stron\u0105 ProArt B760-Creator. Proponuje trzy sloty M.2, z kt\u00f3rych dwa s\u0105 kompatybilne z PCIe 4.0 dla pr\u0119dko\u015bci transferu osi\u0105gaj\u0105cych 64 Gbps, a trzeci w PCIe 3.0. Ta konfiguracja pozwala na zainstalowanie kilku SSD NVMe dla szybkiego dost\u0119pu do danych. Warto r\u00f3wnie\u017c zwr\u00f3ci\u0107 uwag\u0119 na obecno\u015b\u0107 port\u00f3w USB 3.2 Gen 2 oraz dw\u00f3ch port\u00f3w LAN Gigabit Ethernet i \u0142\u0105czno\u015bci WiFi 6. Nag\u0142\u00f3wek Thunderbolt (USB4) jest r\u00f3wnie\u017c obecny, oferuj\u0105c szerok\u0105 przepustowo\u015b\u0107 dla urz\u0105dze\u0144 kompatybilnych.<\/p>\n<p> Por\u00f3wnuj\u0105c z kartami matkami bardziej orientowanymi na gr\u0119, takimi jak modele Z690 lub Z790, ProArt B760-Creator ofiarowuje overclocking na rzecz wi\u0119kszej stabilno\u015bci i funkcji specyficznych dla tw\u00f3rc\u00f3w. Jest to interesuj\u0105ca alternatywa dla tych, kt\u00f3rzy ceni\u0105 sobie niezawodno\u015b\u0107 i produktywno\u015b\u0107, bez rezygnacji z solidnych wynik\u00f3w.<\/p>\n<h2>Prezentacja ASUS ProArt B760-Creator: Skoncentrowana technologia dla tw\u00f3rc\u00f3w<\/h2>\n<p>ASUS ProArt B760-Creator jest kart\u0105 matk\u0105 ATX specjalnie zaprojektowan\u0105, aby spe\u0142nia\u0107 wymagania tw\u00f3rc\u00f3w tre\u015bci. D\u0105\u017cy do zapewnienia solidnej podstawy dla zada\u0144 wymagaj\u0105cych du\u017cych zasob\u00f3w, takich jak produkcja wirtualna, renderowanie 3D i monta\u017c wideo 4K\/8K. W przeciwie\u0144stwie do niekt\u00f3rych kart matki przeznaczonych dla u\u017cytkownik\u00f3w og\u00f3lnych, ProArt B760-Creator skupia si\u0119 na stabilno\u015bci i niezawodno\u015bci, co jest kluczowe dla profesjonalist\u00f3w.<\/p>\n<p>W sercu tej karty matki znajduje si\u0119 zestaw chipset Intel B760, kompatybilny z procesorami Intel Core 12. i 13. generacji (LGA 1700). Zasilanie zapewnia silnik zasilania o mocy 12+1 fazy z MOSFETami o 50A, gwarantuj\u0105c wi\u0119ksz\u0105 stabilno\u015b\u0107 nawet przy intensywnych i d\u0142ugotrwa\u0142ych obci\u0105\u017ceniach. Ten punkt wyr\u00f3\u017cnia j\u0105 od modeli ni\u017cszej klasy, kt\u00f3re mog\u0105 cierpie\u0107 na throttling lub niestabilno\u015b\u0107. <\/p>\n<p>\u0141\u0105czno\u015b\u0107 jest kolejnym wa\u017cnym atutem. ProArt B760-Creator oferuje trzy gniazda M.2 PCIe 4.0 x4 dla ultra-szybkich SSD NVMe, co pozwala na prawie natychmiastowy dost\u0119p do danych. Zawiera r\u00f3wnie\u017c dwa porty Ethernet (2,5 Gb i 1 Gb), zapewniaj\u0105c wi\u0119ksz\u0105 elastyczno\u015b\u0107 w pod\u0142\u0105czeniu sieciowym. Obs\u0142uga pami\u0119ci DDR4 (do 192 GB) pozwala na obni\u017cenie koszt\u00f3w przy jednoczesnym zapewnieniu wystarczaj\u0105cych wydajno\u015bci dla wi\u0119kszo\u015bci aplikacji kreacyjnych. W ten spos\u00f3b r\u00f3\u017cni si\u0119 od niekt\u00f3rych konkurencyjnych kart, kt\u00f3re wybieraj\u0105 dro\u017csz\u0105 DDR5.<\/p>\n<p>Ostatecznie, jest obecny nag\u0142\u00f3wek Thunderbolt\u2122, kt\u00f3ry pozwala na dodanie karty rozszerzenia, aby uzyska\u0107 jeszcze wy\u017csze pr\u0119dko\u015bci transferu danych i zaawansowane funkcje. Ca\u0142y zestaw tych cech czyni ProArt B760-Creator atrakcyjn\u0105 p\u0142yt\u0105 g\u0142\u00f3wn\u0105 dla tw\u00f3rc\u00f3w tre\u015bci poszukuj\u0105cych stabilnej, wydajnej i dobrze po\u0142\u0105czonej platformy.<\/p>\n<h2>Szczeg\u00f3\u0142owe Specyfikacje Techniczne: Co Ofiarowuje ASUS ProArt B760-Creator<\/h2>\n<p>ASUS ProArt B760-Creator prezentuje si\u0119 jako p\u0142yta g\u0142\u00f3wna ATX specjalnie zaprojektowana dla tw\u00f3rc\u00f3w tre\u015bci i wymagaj\u0105cych profesjonalist\u00f3w. Odr\u00f3\u017cnia si\u0119 ona podej\u015bciem skupionym na stabilno\u015bci, utrzymywanej wydajno\u015bci i pe\u0142nej \u0142\u0105czno\u015bci, bez konieczno\u015bci skrajnego overclockingu, jak to ma miejsce w niekt\u00f3rych kartach g\u0142\u00f3wnych gamingowych.<\/p>\n<p>W sercu tej p\u0142yty g\u0142\u00f3wnej znajduje si\u0119 zasilanie 12+1 fazy z komponentami 50A, zapewniaj\u0105c stabilne i niezawodne rozprowadzanie pr\u0105du, nawet podczas intensywnego obci\u0105\u017cenia, takich jak renderowanie 3D, edycja wideo lub kompilacja kodu. Ta konstrukcja jest wa\u017cnym atutem w por\u00f3wnaniu z p\u0142ytami g\u0142\u00f3wnymi ni\u017cszej klasy, kt\u00f3re mog\u0105 cierpie\u0107 na ograniczenia dotycz\u0105ce dostarczanej mocy do procesora.<\/p>\n<p> Kompatybilno\u015b\u0107 z procesorami Intel 12. i 13. generacji (gniazdo LGA 1700) jest zapewniona, z obs\u0142ug\u0105 pami\u0119ci DDR5. Chocia\u017c istnieje wersja DDR4, wersja DDR5 pozwala skorzysta\u0107 z ostatnich post\u0119p\u00f3w w zakresie przepustowo\u015bci i wydajno\u015bci. Karta oferuje r\u00f3wnie\u017c nag\u0142\u00f3wek Thunderbolt, umo\u017cliwiaj\u0105c dodanie karty rozszerzenia dla osi\u0105gania niezwykle szybkich pr\u0119dko\u015bci transferu danych. <\/p>\n<p>Karta g\u0142\u00f3wna ASUS ProArt B760-CREATOR prezentuje si\u0119 jako rozwi\u0105zanie solidne dla tw\u00f3rc\u00f3w tre\u015bci, ale jak ta obietnica t\u0142umaczy si\u0119 na rzeczywiste wydajno\u015bci? Nasze testy, przeprowadzone z procesorem Intel Core i9-13900K i 32GB DDR5 o cz\u0119stotliwo\u015bci 4800MHz, pokazuj\u0105 przyk\u0142adow\u0105 stabilno\u015b\u0107, nawet przy intensywnych obci\u0105\u017ceniach. Dzi\u0119ki 12+1 fazom zasilania 50A zapewnia ona stabilne i efektywne zasilanie, co pozwala na znacz\u0105ce overclocking procesora, chocia\u017c to nie jest jej g\u0142\u00f3wnym celem.<\/p>\n<p>W testach syntetycznych, takich jak Geekbench 5, wyniki s\u0105 por\u00f3wnywalne do innych kart g\u0142\u00f3wnych B760 wysokiej klasy. Jednak ProArt B760-CREATOR wyr\u00f3\u017cnia si\u0119 w aplikacjach profesjonalnych. Podczas naszych test\u00f3w renderowania wideo 4K z oprogramowaniem takim jak DaVinci Resolve, zauwa\u017cyli\u015bmy p\u0142ynno\u015b\u0107, bez op\u00f3\u017anie\u0144 ani awarii, nawet przy skomplikowanych projektach. Efektywne ch\u0142odzenie zapewnia utrzymanie sta\u0142ych wydajno\u015bci na d\u0142u\u017csz\u0105 met\u0119.<\/p>\n<p>W por\u00f3wnaniu z kartami g\u0142\u00f3wnymi konkurencyjnymi, takimi jak ASRock B760M Pro RS, ProArt B760-CREATOR oferuje lepsz\u0105 stabilno\u015b\u0107 i dok\u0142adniejsze zarz\u0105dzanie zasilaniem, co przek\u0142ada si\u0119 na bardziej przyjemne i niezawodne do\u015bwiadczenie u\u017cytkownika dla tw\u00f3rc\u00f3w. Chocia\u017c cena jest nieco wy\u017csza, inwestycja jest uzasadniona jako\u015bci\u0105 wykonania, bogactwem funkcji i og\u00f3lnymi wydajno\u015bciami oferowanymi. Obecno\u015b\u0107 gniazda Thunderbolt, kt\u00f3rego brak w niekt\u00f3rych modelach konkurencyjnych, jest du\u017cym atutem dla profesjonalist\u00f3w potrzebuj\u0105cych bardzo szybkich transfer\u00f3w danych. <\/p>\n<p>W podsumowaniu, ASUS ProArt B760-CREATOR okazuje si\u0119 by\u0107 wydajn\u0105 i niezawodn\u0105 p\u0142yt\u0105 g\u0142\u00f3wna, idealnie dostosowan\u0105 do potrzeb tw\u00f3rc\u00f3w tre\u015bci. Jej stabilno\u015b\u0107, zarz\u0105dzanie zasilaniem oraz zaawansowane funkcje czyni\u0105 j\u0105 doskona\u0142ym wyborem dla tych, kt\u00f3rzy szukaj\u0105 solidnej platformy dla swojej stacji roboczej.<\/p>\n<h2>Po\u0142\u0105czenia i Opcje Rozszerze\u0144: Pe\u0142ny Ekosystem dla Twoich Potrzeb<\/h2>\n<p>P\u0142yta g\u0142\u00f3wna ASUS ProArt B760-CREATOR nie ogranicza si\u0119 tylko do zapewnienia solidnej podstawy dla twojej konfiguracji, ale r\u00f3wnie\u017c oferuje rozszerzon\u0105 \u0142\u0105czno\u015b\u0107 i opcje rozszerze\u0144 przeznaczone dla tw\u00f3rc\u00f3w tre\u015bci. Zawiera nag\u0142\u00f3wek Thunderbolt\u2122 umo\u017cliwiaj\u0105cy dodanie szybkich port\u00f3w do transferu danych i po\u0142\u0105czenia z urz\u0105dzeniami ze zewn\u0105trz wymagaj\u0105cymi du\u017cej przepustowo\u015bci, funkcja ta jest rzadko spotykana na p\u0142ytach g\u0142\u00f3wnych dla u\u017cytkownik\u00f3w domowych.<\/p>\n<p>Pod wzgl\u0119dem przechowywania danych, ProArt B760-CREATOR wyr\u00f3\u017cnia si\u0119 obecno\u015bci\u0105 trzech slot\u00f3w M.2, umo\u017cliwiaj\u0105cych instalacj\u0119 SSD NVMe PCIe 4.0 dla niezwykle szybkich pr\u0119dko\u015bci odczytu\/zapisu. Je\u015bli por\u00f3wnamy to z niekt\u00f3rymi konkurencyjnymi p\u0142ytami g\u0142\u00f3wnymi, takimi jak modele bardziej orientowane na gry, cz\u0119sto zauwa\u017camy ograniczenie do dw\u00f3ch slot\u00f3w M.2 lub brak wsparcia dla najnowszych generacji SSD. Ponadto oferuje r\u00f3wnie\u017c porty SATA III dla tradycyjnych dysk\u00f3w twardych lub SSD SATA.<\/p>\n<p>Pod wzgl\u0119dem \u0142\u0105czno\u015bci sieciowej, p\u0142yta g\u0142\u00f3wna jest wyposa\u017cona zar\u00f3wno w port 2.5 Gb Ethernet i port 1 Gb Ethernet, zapewniaj\u0105c wi\u0119ksz\u0105 elastyczno\u015b\u0107 dostosowywania do r\u00f3\u017cnych \u015brodowisk sieciowych. Integracja WiFi 6E i Bluetooth 5.3 zapewnia szybkie i stabilne po\u0142\u0105czenie bezprzewodowe, idealne dla u\u017cytkownik\u00f3w nomadycznych lub tych, kt\u00f3rzy preferuj\u0105 unikanie przewod\u00f3w. Wreszcie, obecno\u015b\u0107 wielu port\u00f3w USB, w tym porty USB 3.2 Gen 2 Type-A i Type-C, zapewnia szerok\u0105 kompatybilno\u015b\u0107 ze wszystkimi twoimi urz\u0105dzeniami peryferyjnymi. <\/p>\n<p>Oto przegl\u0105d dost\u0119pnych opcji rozszerze\u0144:<\/p>\n<table>\n<thead>\n<tr>\n<th>Typ slotu<\/th>\n<th>Liczba<\/th>\n<th>Standard<\/th>\n<\/tr>\n<\/thead>\n<tbody>\n<tr>\n<td>PCIe 5.0 x16<\/td>\n<td>1<\/td>\n<td>Dla kart graficznych<\/td>\n<\/tr>\n<tr>\n<td>PCIe 4.0 x16<\/td>\n<td>1<\/td>\n<td>Dla kart rozszerze\u0144<\/td>\n<\/tr>\n<tr>\n<td>PCIe 1.0 x1<\/td>\n<td>1<\/td>\n<td>Dla kart rozszerze\u0144<\/td>\n<\/tr>\n<tr>\n<td>M.2<\/td>\n<td>3<\/td>\n<td>PCIe 4.0 x4 NVMe<\/td>\n<\/tr>\n<\/tbody>\n<\/table>\n<h2>ASUS ProArt B760-Creator vs. Konkurencja: Jak si\u0119 Pozycjonuje w Por\u00f3wnaniu z Innymi P\u0142ytami G\u0142\u00f3wnymi?<\/h2>\n<p>ASUS ProArt B760-Creator wyr\u00f3\u017cnia si\u0119 na rynku p\u0142yt g\u0142\u00f3wnych dzi\u0119ki wyra\u017anej orientacji na tw\u00f3rc\u00f3w tre\u015bci. W przeciwie\u0144stwie do p\u0142yt g\u0142\u00f3wnych gamingowych, kt\u00f3re cz\u0119sto k\u0142ad\u0105 nacisk na estetyk\u0119 i funkcje skierowane na gr\u0119, ProArt B760-Creator skupia si\u0119 na stabilno\u015bci, \u0142\u0105czno\u015bci i wydajno\u015bci niezb\u0119dnych dla wymagaj\u0105cych aplikacji takich jak monta\u017c wideo, tworzenie grafiki i renderowanie 3D.<\/p>\n<p>Pod wzgl\u0119dem specyfikacji technicznych, ta p\u0142yta g\u0142\u00f3wna znajduje si\u0119 w segmencie \u015bredniej klasy z zestawem chipset\u00f3w Intel B760. Ofruje dobry r\u00f3wnowag\u0119 mi\u0119dzy cen\u0105 a wydajno\u015bci\u0105, jednocze\u015bnie integruj\u0105c zaawansowane funkcje. Jedn\u0105 z charakterystycznych cech jest obecno\u015b\u0107 trzech slot\u00f3w M.2, z kt\u00f3rych dwa s\u0105 kompatybilne z PCIe 4.0 dla niezwykle szybkich pr\u0119dko\u015bci transferu danych, a trzeci w PCIe 3.0. Ta konfiguracja pozwala na zainstalowanie kilku SSD NVMe do przechowywania du\u017cych plik\u00f3w i poprawy czas\u00f3w \u0142adowania. <\/p>\n<p>W por\u00f3wnaniu z konkurencyjnymi p\u0142ytami g\u0142\u00f3wnymi, takimi jak MSI MAG lub ASRock Steel Legend, ProArt B760-Creator wyr\u00f3\u017cnia si\u0119 swoj\u0105 12+1 fazow\u0105 zasilaniem z wysokiej jako\u015bci komponent\u00f3w, zapewniaj\u0105c wi\u0119ksz\u0105 stabilno\u015b\u0107 podczas intensywnych zada\u0144. Integrowane dwa porty LAN (2,5 Gb i 1 Gb) oferuj\u0105 wi\u0119ksz\u0105 elastyczno\u015b\u0107 w pod\u0142\u0105czeniu sieciowym. Niekt\u00f3re konkurencyjne p\u0142yty g\u0142\u00f3wne mog\u0105 oferowa\u0107 wi\u0119cej port\u00f3w USB, ale ProArt B760-Creator rekompensuje to poprzez dostarczanie nag\u0142\u00f3wka Thunderbolt, umo\u017cliwiaj\u0105cego dodanie tej super szybkiej \u0142\u0105czno\u015bci za pomoc\u0105 karty rozszerzenia.<\/p>\n<p>Wa\u017cne jest r\u00f3wnie\u017c zauwa\u017cy\u0107, \u017ce ProArt B760-Creator jest dost\u0119pna w wersji DDR4, co mo\u017ce by\u0107 zalet\u0105 dla u\u017cytkownik\u00f3w chc\u0105cych wykorzysta\u0107 istniej\u0105c\u0105 pami\u0119\u0107 i zmniejszy\u0107 ca\u0142kowity koszt konfiguracji. Jednak to oznacza kompromis w zakresie wydajno\u015bci w por\u00f3wnaniu z p\u0142ytami g\u0142\u00f3wnymi DDR5.<\/p>\n<h2>Ch\u0142odzenie i Stabilno\u015b\u0107: System zaprojektowany dla intensywnych obci\u0105\u017ce\u0144<\/h2>\n<p>P\u0142yta g\u0142\u00f3wna ASUS ProArt B760-CREATOR nie tylko oferuje rozszerzon\u0105 \u0142\u0105czno\u015b\u0107 i zaawansowane funkcje, ale tak\u017ce integruje projekt skupiony na stabilno\u015bci i ch\u0142odzeniu, co jest kluczowe dla wymagaj\u0105cych aplikacji tworzenia tre\u015bci. Zaprojektowana do renderowania 3D, monta\u017cu wideo 4K\/8K i produkcji wirtualnej, ma na celu utrzymanie optymalnych wynik\u00f3w nawet przy du\u017cym obci\u0105\u017ceniu.<\/p>\n<p>System ch\u0142odzenia zosta\u0142 szczeg\u00f3lnie starannie zaprojektowany. Powi\u0119kszone radiatory VRM skutecznie rozpraszaj\u0105 ciep\u0142o generowane przez chipset i procesor, podczas gdy dysypatory termiczne z aluminium dla gniazd M.2 zapobiegaj\u0105 ograniczeniu wydajno\u015bci SSD NVMe PCIe 4.0. Sze\u015b\u0107 gniazd na wentylatory o 4-pinach zapewnia wi\u0119ksz\u0105 elastyczno\u015b\u0107 w konfiguracji ch\u0142odzenia, kt\u00f3re jest optymalizowane i dostosowane do potrzeb.<\/p>\n<p> Stabilno\u015b\u0107 jest r\u00f3wnie\u017c zapewniona przez sztywne projektowanie i mo\u017cliwo\u015b\u0107 \u0142adowania parametr\u00f3w domy\u015blnych z BIOS, co gwarantuje niezawodn\u0105 prac\u0119. Chocia\u017c inne p\u0142yty g\u0142\u00f3wne, takie jak niekt\u00f3re modele MSI Creator lub Gigabyte DesignCard, oferuj\u0105 podobne rozwi\u0105zania ch\u0142odzenia, ASUS ProArt B760-CREATOR wyr\u00f3\u017cnia si\u0119 r\u00f3wnowag\u0105 mi\u0119dzy dyspersj\u0105 ciep\u0142a, elastyczno\u015bci\u0105 i optymalizacj\u0105 dla obci\u0105\u017cenia pracy specyficznego dla tw\u00f3rc\u00f3w.<\/p>\n<h2>Oprogramowanie i Wy\u0142\u0105czne Funkcje: Do\u015bwiadczenie ASUS ProArt<\/h2>\n<p>P\u0142yta g\u0142\u00f3wna ASUS ProArt B760-CREATOR nie ogranicza si\u0119 do prostego sprz\u0119tu. Zintegrowano zestaw funkcji oprogramowania zaprojektowanych do optymalizacji do\u015bwiadczenia tw\u00f3rc\u00f3w tre\u015bci. W centrum tej podej\u015bcia znajduje si\u0119 program <strong>Armoury Crate<\/strong>, kt\u00f3ry centralizuje zarz\u0105dzanie systemem, monitorowanie i kontrol\u0119 o\u015bwietlenia RGB za pomoc\u0105 <strong>AURA Creator<\/strong> i <strong>AURA Sync<\/strong>. Ten ostatni umo\u017cliwia \u0142atwe synchronizowanie z szerokim zakresem kompatybilnych urz\u0105dze\u0144, oferuj\u0105c g\u0142\u0119bok\u0105 personalizacj\u0119 estetyki komputera.<\/p>\n<p>Dla optymalnego ch\u0142odzenia ASUS proponuje <strong>Fan Xpert 4<\/strong>, narz\u0119dzie pozwalaj\u0105ce na dok\u0142adne zarz\u0105dzanie wentylatorami pod\u0142\u0105czonymi do p\u0142yty g\u0142\u00f3wnej. Ofiarowuje on precyzyjn\u0105 kontrol\u0119 pr\u0119dko\u015bci wentylatora w zale\u017cno\u015bci od temperatury, zapewniaj\u0105c r\u00f3wnowag\u0119 mi\u0119dzy wydajno\u015bci\u0105 i cich\u0105. Zarz\u0105dzanie zasilaniem jest r\u00f3wnie\u017c optymalizowane dzi\u0119ki funkcjom dedykowanym do oszcz\u0119dzania energii. La ProArt B760-CREATOR wyr\u00f3\u017cnia si\u0119 r\u00f3wnie\u017c swoim systemem ochrony przed oprogramowaniem szkodliwym. Wbudowana <strong>czarna lista oprogramowania<\/strong> blokuje uruchamianie potencjalnie niebezpiecznych aplikacji. Ta funkcja, cho\u0107 mniej znana ni\u017c tradycyjne rozwi\u0105zania antywirusowe, oferuje dodatkow\u0105 warstw\u0119 bezpiecze\u0144stwa, szczeg\u00f3lnie przydatn\u0105 dla tw\u00f3rc\u00f3w manipuluj\u0105cych plikami wra\u017cliwymi. Wreszcie, karta zawiera technologi\u0119 <strong>usuni\u0119cia szumu AI dwukierunkowego<\/strong>, poprawiaj\u0105c czysto\u015b\u0107 komunikacji audio podczas sesji tworzenia lub wsp\u00f3\u0142pracy.<\/p>\n<h2>Dla Kogo ASUS ProArt B760-Creator jest przeznaczona?<\/h2>\n<p>ASUS ProArt B760-Creator pozycjonuje si\u0119 wyra\u017anie jako premium matka p\u0142ytowa przeznaczona dla tw\u00f3rc\u00f3w tre\u015bci. Adresowana jest do profesjonalist\u00f3w i pasjonat\u00f3w zaanga\u017cowanych w wymagaj\u0105ce zadania takie jak monta\u017c wideo 4K\/8K, renderowanie 3D, produkcja wirtualna i tworzenie multimedi\u00f3w. W przeciwie\u0144stwie do p\u0142yt g\u0142\u00f3wnych gamingowych dla szerokiej publiczno\u015bci, ona przywi\u0105zuje wag\u0119 do stabilno\u015bci i niezawodno\u015bci przy intensywnych i d\u0142ugotrwa\u0142ych obci\u0105\u017ceniach pracy.<\/p>\n<p>Ta p\u0142yta charakteryzuje si\u0119 kompatybilno\u015bci\u0105 z Thunderbolt 4, poprzez dodatkow\u0105 kart\u0119 ASUS, oferuj\u0105c masowe przep\u0142ywy dla urz\u0105dze\u0144 przechowywania danych zewn\u0119trznych i wysokiej rozdzielczo\u015bci ekran\u00f3w. Zawiera r\u00f3wnie\u017c trzy sloty M.2, z kt\u00f3rych dwa s\u0105 kompatybilne z PCIe 4.0, umo\u017cliwiaj\u0105c osi\u0105gni\u0119cie wyj\u0105tkowych pr\u0119dko\u015bci transferu dla SSD NVMe i optymalizacj\u0119 czas\u00f3w \u0142adowania aplikacji i systemu operacyjnego. Je\u015bli jeste\u015b u\u017cytkownikiem okazjonalnym lub g\u0142\u00f3wnie skupionym na grze, ta\u0144sze opcje takie jak <a href=\"#\">ASUS Prime B760-Plus D4<\/a> mog\u0105 wystarczy\u0107. Jednak je\u015bli szukasz stabilnej, wydajnej i rozbudowalnej platformy dla swoich projekt\u00f3w tw\u00f3rczych, ASUS ProArt B760-Creator jest m\u0105drym inwestycj\u0105.<\/p>\n<h2>Wniosek: Czy ASUS ProArt B760-Creator to M\u0105dra Inwestycja dla Tw\u00f3rc\u00f3w?<\/h2>\n<p>ASUS ProArt B760-Creator prezentuje si\u0119 jako solidna p\u0142yta g\u0142\u00f3wna ATX, specjalnie zaprojektowana, aby spe\u0142nia\u0107 potrzeby tw\u00f3rc\u00f3w tre\u015bci. Jej architektura oparta na chipsecie Intel B660 oferuje interesuj\u0105cy r\u00f3wnowag\u0119 mi\u0119dzy funkcjonalno\u015bciami i cen\u0105, wyr\u00f3\u017cniaj\u0105c si\u0119 od niekt\u00f3rych bardziej orientowanych na gry opcji. Silne zasilanie, z jego 12+1 fazami zasilania o 50A, zapewnia zwi\u0119kszon\u0105 stabilno\u015b\u0107 podczas wymagaj\u0105cych zada\u0144 takich jak renderowanie wideo lub modelowanie 3D.<\/p>\n<p>Obs\u0142uga pami\u0119ci DDR5 (lub DDR4 w zale\u017cno\u015bci od wybranego modelu) i PCIe 5.0 przygotowuje platform\u0119 na przysz\u0142e generacje komponent\u00f3w. Trzy sloty M.2 PCIe 4.0 oferuj\u0105 cenne elastyczno\u015b\u0107 przy instalacji szybkich SSD NVMe, podczas gdy port Thunderbolt zapewnia wysokie pr\u0119dko\u015bci transferu dla kompatybilnych urz\u0105dze\u0144. Podw\u00f3jna \u0142\u0105czno\u015b\u0107 sieciowa (2,5 Gb i 1 Gb Ethernet) jest atutem dla u\u017cytkownik\u00f3w wymagaj\u0105cych du\u017cej przepustowo\u015bci.<\/p>\n","protected":false},"excerpt":{"rendered":"<p>Zanurz si\u0119 w \u015bwiecie bezgranicznej tw\u00f3rczo\u015bci z <strong>ASUS ProArt B760-CREATOR<\/strong>! Projektowana dla artyst\u00f3w cyfrowych i wymagaj\u0105cych profesjonalist\u00f3w, ta p\u0142yta g\u0142\u00f3wna jest prawdziwym centrum mocy. Jej niezwykle stabilne dzia\u0142anie, dzi\u0119ki mocnej zasilaniu, pozwala Ci na przekraczanie granic <strong>renderingu 3D<\/strong> i <strong>monta\u017cu wideo<\/strong>. Ciesz si\u0119 pr\u0119dko\u015bciami b\u0142yskawicznymi dzi\u0119ki wielokrotnym slotom <strong>PCIe 5.0<\/strong> i <strong>M.2<\/strong>, zapewniaj\u0105cym p\u0142ynne workflowy i zwi\u0119kszon\u0105 produktywno\u015b\u0107. Wyobra\u017a sobie narz\u0119dzie, kt\u00f3re przewiduje Twoje potrzeby i uwalnia Tw\u00f3j potencja\u0142 kreatywny: to obietnica ProArt B760-CREATOR. Nie tylko p\u0142yta g\u0142\u00f3wna, ale inwestycja w Twoj\u0105 pasj\u0119 i sukces.<\/p>\n","protected":false},"featured_media":15070,"comment_status":"open","ping_status":"closed","template":"","meta":{"_seopress_robots_primary_cat":"","_seopress_titles_title":"ASUS ProArt B760-CREATOR : P\u0142yta G\u0142\u00f3wna dla Tw\u00f3rc\u00f3w Cyfrowych","_seopress_titles_desc":"P\u0142yta g\u0142\u00f3wna ASUS ProArt B760-CREATOR zapewnia stabilne dzia\u0142anie, szybkie pr\u0119dko\u015bci i wielokrotne sloty PCIe 5.0 i M.2 dla profesjonalist\u00f3w renderingu 3D i monta\u017cu wideo.","_seopress_robots_index":"","_gspb_post_css":""},"pwb-brand":[204],"store":[],"product_brand":[],"product_cat":[462],"product_tag":[],"class_list":{"0":"post-25498","1":"product","2":"type-product","3":"status-publish","4":"has-post-thumbnail","6":"pwb-brand-asus","7":"product_cat-plyta-glowna","9":"first","10":"instock","11":"shipping-taxable","12":"product-type-external"},"brands":[{"id":204,"name":"Asus","slug":"asus"}],"_links":{"self":[{"href":"https:\/\/www.gamer.parts\/pl\/wp-json\/wp\/v2\/product\/25498","targetHints":{"allow":["GET"]}}],"collection":[{"href":"https:\/\/www.gamer.parts\/pl\/wp-json\/wp\/v2\/product"}],"about":[{"href":"https:\/\/www.gamer.parts\/pl\/wp-json\/wp\/v2\/types\/product"}],"replies":[{"embeddable":true,"href":"https:\/\/www.gamer.parts\/pl\/wp-json\/wp\/v2\/comments?post=25498"}],"wp:featuredmedia":[{"embeddable":true,"href":"https:\/\/www.gamer.parts\/pl\/wp-json\/wp\/v2\/media\/15070"}],"wp:attachment":[{"href":"https:\/\/www.gamer.parts\/pl\/wp-json\/wp\/v2\/media?parent=25498"}],"wp:term":[{"taxonomy":"pwb-brand","embeddable":true,"href":"https:\/\/www.gamer.parts\/pl\/wp-json\/wp\/v2\/pwb-brand?post=25498"},{"taxonomy":"store","embeddable":true,"href":"https:\/\/www.gamer.parts\/pl\/wp-json\/wp\/v2\/store?post=25498"},{"taxonomy":"product_brand","embeddable":true,"href":"https:\/\/www.gamer.parts\/pl\/wp-json\/wp\/v2\/product_brand?post=25498"},{"taxonomy":"product_cat","embeddable":true,"href":"https:\/\/www.gamer.parts\/pl\/wp-json\/wp\/v2\/product_cat?post=25498"},{"taxonomy":"product_tag","embeddable":true,"href":"https:\/\/www.gamer.parts\/pl\/wp-json\/wp\/v2\/product_tag?post=25498"}],"curies":[{"name":"wp","href":"https:\/\/api.w.org\/{rel}","templated":true}]}}