{"id":25536,"date":"2025-04-18T13:15:14","date_gmt":"2025-04-18T11:15:14","guid":{"rendered":"https:\/\/www.gamer.parts\/shop\/bez-kategorii\/msi-mag-pano-110r-pz-klawisz-pc-gaming-szklany\/"},"modified":"2025-05-13T15:10:31","modified_gmt":"2025-05-13T13:10:31","slug":"msi-mag-pano-110r-pz-klawisz-pc-gaming-szklany","status":"publish","type":"product","link":"https:\/\/www.gamer.parts\/pl\/shop\/obudowa\/obudowa-pl\/msi-mag-pano-110r-pz-klawisz-pc-gaming-szklany\/","title":{"rendered":"MSI MAG PANO 110R PZ"},"content":{"rendered":"<h2>Wprowadzenie do MSI MAG PANO 110R PZ<\/h2>\n<p>MSI MAG PANO 110R PZ to obudowa komputerowa dla graczy, kt\u00f3ra wyr\u00f3\u017cnia si\u0119 swoim nowoczesnym i czystym designem, podkre\u015blaj\u0105c\u0105 mocne komponenty systemu. Ta obudowa mid-tower zosta\u0142a zaprojektowana, aby zapewni\u0107 optymaln\u0105 wentylacj\u0119 i maksymaln\u0105 kompatybilno\u015b\u0107, co czyni j\u0105 idealnym wyborem dla wymagaj\u0105cych graczy.<\/p>\n<p>Jedn\u0105 z g\u0142\u00f3wnych zalet MAG PANO 110R PZ jest zaawansowany system ch\u0142odzenia. Dolna komora wyposa\u017cona jest w wentylatory i preinstalowany wentylator z odwr\u00f3conymi \u0142opatkami na ty\u0142, zapewniaj\u0105c efektywn\u0105 cyrkulacj\u0119 powietrza, aby utrzymywa\u0107 system w optymalnej temperaturze nawet pod ci\u0119\u017ckim obci\u0105\u017ceniem.<\/p>\n<p>Pod wzgl\u0119dem elastyczno\u015bci, ta obudowa obs\u0142uguje do 10 wentylator\u00f3w, z czterema ju\u017c zainstalowanymi. Ta mo\u017cliwo\u015b\u0107 pozwala na lepsz\u0105 dyspersj\u0119 ciep\u0142a, co jest niezb\u0119dne dla konfiguracji wysokiej klasy. Ponadto jest kompatybilna z kartami graficznymi o d\u0142ugo\u015bci do 400 mm i p\u0142ytami g\u0142\u00f3wnymi ATX\/Micro-ATX, oferuj\u0105c du\u017c\u0105 swobod\u0119 w wyborze komponent\u00f3w.<\/p>\n<p>W por\u00f3wnaniu z innymi obudowami gamingowymi, takimi jak NZXT H510 lub Corsair 4000D Airflow, MSI MAG PANO 110R PZ wyr\u00f3\u017cnia si\u0119 swoim panelem ze szk\u0142a utwardzonego i preinstalowanymi wentylatorami ARGB, dodaj\u0105c stylistyczny akcent do Twojego setupu. Przedni panel z siatk\u0105 dodatkowo optymalizuje przep\u0142yw powietrza, zapewniaj\u0105c, \u017ce system pozostaje ch\u0142odny nawet podczas najbardziej intensywnych sesji gry.<\/p>\n<h2>Projekt i Estetyka: Nowoczesna i Elegancka Obudowa<\/h2>\n<p>MSI MAG PANO 110R PZ wyr\u00f3\u017cnia si\u0119 swoim nowoczesnym i eleganckim designem, oferuj\u0105c idealn\u0105 witra\u017c\u0119 dla podkre\u015blenia mocnych komponent\u00f3w Twojego komputera. Ta obudowa panoramiczna zosta\u0142a zaprojektowana, aby zapewni\u0107 nieprzerwany widok na wn\u0119trze systemu, jednocze\u015bnie zapewniaj\u0105c efektywn\u0105 kontrol\u0119 temperatury.<\/p>\n<p>Jedn\u0105 z g\u0142\u00f3wnych zalet MSI MAG PANO 110R PZ jest jego optymalizowany system wentylacji. Dolna komora wyposa\u017cona jest w wentyle i preinstalowany wentylator z odwr\u00f3conymi \u0142opatkami na ty\u0142, kt\u00f3re wsp\u00f3\u0142pracuj\u0105 ze sob\u0105, aby utrzymywa\u0107 Twoje urz\u0105dzenie przy idealnej temperaturze. Ta konfiguracja umo\u017cliwia nie tylko skuteczne ch\u0142odzenie komponent\u00f3w, ale tak\u017ce zmniejsza ha\u0142as generowany przez wentylatory.<\/p>\n<p>Pod wzgl\u0119dem elastyczno\u015bci i kompatybilno\u015bci ten obudowa jest prawdziwym atutem. Obs\u0142uguje on do 10 wentylator\u00f3w, z czterema preinstalowanymi, co zapewnia doskona\u0142\u0105 dysypacj\u0119 ciep\u0142a. Ponadto zosta\u0142 zaprojektowany tak, aby pomie\u015bci\u0107 karty graficzne o d\u0142ugo\u015bci do 400 mm i p\u0142yty g\u0142\u00f3wne ATX\/Micro-ATX, czyni\u0105c go uniwersalnym wyborem dla r\u00f3\u017cnorodnych konfiguracji.<\/p>\n<p>W por\u00f3wnaniu z innymi obudowami na rynku, takimi jak NZXT H510 lub Corsair 4000D Airflow, MSI MAG PANO 110R PZ wyr\u00f3\u017cnia si\u0119 swoim panoramicznym designem i mo\u017cliwo\u015bci\u0105 integracji du\u017cej ilo\u015bci wentylator\u00f3w. Te cechy czyni\u0105 go idealnym wyborem dla u\u017cytkownik\u00f3w, kt\u00f3rzy szukaj\u0105 zar\u00f3wno estetyki, jak i wydajno\u015bci.<\/p>\n<h2>Charakterystyki techniczne i wydajno\u015b\u0107<\/h2>\n<p>MSI MAG PANO 110R PZ wyr\u00f3\u017cnia si\u0119 zaawansowanymi charakterystykami technicznymi i optymalizowan\u0105 wydajno\u015bci\u0105 dla gier. Ten kompaktowy obudowa typu mid-tower zosta\u0142 zaprojektowany, aby zapewni\u0107 optymalny przep\u0142yw powietrza, co jest niezb\u0119dne do utrzymania niskich temperatur i zapewnienia stabilnej wydajno\u015bci.<\/p>\n<h3>Konstrukcja i ch\u0142odzenie<\/h3>\n<p>MSI MAG PANO 110R PZ posiada nowoczesny i czysty design, kt\u00f3ry podkre\u015bla wewn\u0119trzne komponenty Twojego komputera. Dolna komora wyposa\u017cona jest w wentyle i preinstalowany wentylator z odwr\u00f3conymi \u0142opatkami na ty\u0142, zapewniaj\u0105c efektywn\u0105 cyrkulacj\u0119 powietrza. Ten obudowa obs\u0142uguje do 10 wentylator\u00f3w, z czterema ju\u017c zainstalowanymi, co czyni go idealnym wyborem dla wymagaj\u0105cych konfiguracji.<\/p>\n<p>En comparaison avec le Cooler Master MasterBox 520 Mesh, le MAG PANO 110R PZ offre une solution de refroidissement tout aussi efficace gr\u00e2ce \u00e0 ses multiples options de ventilation et \u00e0 sa conception optimis\u00e9e pour la dissipation de chaleur. Le panneau avant du MasterBox 520 Mesh est \u00e9quip\u00e9 d&#8217;un design en maille qui favorise \u00e9galement un bon flux d&#8217;air, mais le MAG PANO 110R PZ se distingue par son design panoramique \u00e0 270 degr\u00e9s avec verre tremp\u00e9 de 3 mm, offrant une vue imprenable sur les composants internes.<\/p>\n<h3>Kompatybilno\u015b\u0107 i elastyczno\u015b\u0107<\/h3>\n<p>Korpus zosta\u0142 zaprojektowany do pomieszczenia kart graficznych o d\u0142ugo\u015bci do 400 mm oraz p\u0142yty g\u0142\u00f3wne ATX\/Micro-ATX. Ta elastyczno\u015b\u0107 pozwala na integracj\u0119 wysokiej klasy komponent\u00f3w bez kompromisowania estetyki lub wydajno\u015bci.<\/p>\n<h3>Kontrola wentylator\u00f3w ARGB<\/h3>\n<p>MAG PANO 110R PZ jest wyposa\u017cony w kart\u0119 steruj\u0105c\u0105 dla wentylator\u00f3w ARGB, obs\u0142uguj\u0105c\u0105 do pi\u0119ciu wentylator\u00f3w. Ta funkcjonalno\u015b\u0107 pozwala nie tylko na personalizacj\u0119 o\u015bwietlenia komputera, ale tak\u017ce na monitorowanie i kontrol\u0119 pr\u0119dko\u015bci wentylator\u00f3w dla optymalnego zarz\u0105dzania ciep\u0142em.<\/p>\n<h3>Por\u00f3wnanie<\/h3>\n<table border=\"1\">\n<thead>\n<tr>\n<th>Cecha<\/th>\n<th>MSI MAG PANO 110R PZ<\/th>\n<th>Cooler Master MasterBox 520 Mesh<\/th>\n<\/tr>\n<\/thead>\n<tbody>\n<tr>\n<td>Typ korpusu<\/td>\n<td>Mid-Tower<\/td>\n<td>Mid-Tower<\/td>\n<\/tr>\n<tr>\n<td>Wentylatory preinstalowane<\/td>\n<td>4<\/td>\n<td>2<\/td>\n<\/tr>\n<tr>\n<td>Maksymalna liczba wentylator\u00f3w<\/td>\n<td>10<\/td>\n<td>6<\/td>\n<\/tr>\n<tr>\n<td>Kompatybilno\u015b\u0107 z kart\u0105 graficzn\u0105<\/td>\n<td>400 mm<\/td>\n<td>380 mm<\/td>\n<\/tr>\n<tr>\n<td>Kontrola ARGB<\/td>\n<td>Tak (do 5 wentylator\u00f3w)<\/td>\n<td>Tak<\/td>\n<\/tr>\n<\/tbody>\n<\/table>\n<p> Le MSI MAG PANO 110R PZ est un bo\u00eetier qui allie design, performance et flexibilit\u00e9, faisant de lui un choix id\u00e9al pour les gamers exigeants. Sa capacit\u00e9 \u00e0 g\u00e9rer efficacement la chaleur et son esth\u00e9tique moderne en font un atout majeur pour toute configuration gaming.<\/p>\n<h2>Syst\u00e8me de Refroidissement Avanc\u00e9<\/h2>\n<p>Le MSI MAG PANO 110R PZ se distingue par son syst\u00e8me de refroidissement avanc\u00e9, con\u00e7u pour maintenir des temp\u00e9ratures optimales m\u00eame sous charge intense. Le bo\u00eetier int\u00e8gre un design moderne et \u00e9pur\u00e9 qui met en valeur les composants internes tout en assurant une circulation d&#8217;air efficace.<\/p>\n<p>L&#8217;un des points forts du MAG PANO 110R PZ est sa capacit\u00e9 \u00e0 supporter jusqu&#8217;\u00e0 dix ventilateurs, avec quatre pr\u00e9-install\u00e9s. Ces ventilateurs, combin\u00e9s aux \u00e9vents strat\u00e9giquement plac\u00e9s dans la chambre inf\u00e9rieure et au ventilateur \u00e0 pales invers\u00e9es \u00e0 l&#8217;arri\u00e8re, garantissent une dissipation thermique optimale. Cette configuration permet de maintenir des temp\u00e9ratures basses m\u00eame lors de sessions de jeu prolong\u00e9es.<\/p>\n<p>En termes de compatibilit\u00e9, le bo\u00eetier est con\u00e7u pour accueillir des cartes graphiques jusqu&#8217;\u00e0 400 mm et des cartes m\u00e8res ATX\/Micro-ATX. Cela en fait une option flexible pour les utilisateurs souhaitant mettre \u00e0 niveau leur syst\u00e8me sans compromettre la performance thermique.<\/p>\n<p>Compar\u00e9 \u00e0 d&#8217;autres bo\u00eetiers de jeu comme le Corsair 4000D Airflow, le MAG PANO 110R PZ offre une meilleure gestion de l&#8217;air gr\u00e2ce \u00e0 ses \u00e9vents suppl\u00e9mentaires et \u00e0 sa conception panoramique. Cette approche permet non seulement de refroidir efficacement les composants, mais aussi de r\u00e9duire le bruit global du syst\u00e8me.<\/p>\n<p>Dla tych, kt\u00f3rzy szukaj\u0105 wy\u017cszych osi\u0105g\u00f3w ch\u0142odzenia, MAG PANO 110R PZ wspiera r\u00f3wnie\u017c systemy ch\u0142odzenia ciecz\u0105 z radiatorem do 360 mm. Ta kompatybilno\u015b\u0107 czyni obudow\u0119 idealnym wyborem dla u\u017cytkownik\u00f3w, kt\u00f3rzy chc\u0105 przej\u015b\u0107 na system ch\u0142odzenia ciecz\u0105 bez po\u015bwi\u0119cania estetyki lub wydajno\u015bci.<\/p>\n<p>Podsumowuj\u0105c, MSI MAG PANO 110R PZ oferuje zaawansowany system ch\u0142odzenia, kt\u00f3ry \u0142\u0105czy nowoczesny design, efektywno\u015b\u0107 termiczn\u0105 i elastyczno\u015b\u0107. Czy jeste\u015b graczem okazjonalnym lub mi\u0142o\u015bnikiem sprz\u0119tu, ta obudowa spe\u0142ni Twoje potrzeby w zakresie ch\u0142odzenia, jednocze\u015bnie oferuj\u0105c przyjemn\u0105 do\u015bwiadczenie wizualne.<\/p>\n<h2>Kompatybilno\u015b\u0107 i Modularno\u015b\u0107<\/h2>\n<p>Obudowa MSI MAG PANO 110R PZ wyr\u00f3\u017cnia si\u0119 swoj\u0105 szerok\u0105 kompatybilno\u015bci\u0105 i zaawansowan\u0105 modularno\u015bci\u0105, czyni\u0105c j\u0105 wielofunkcyjnym wyborem dla mi\u0142o\u015bnik\u00f3w gier. Obs\u0142uguje ona szeroki zakres format\u00f3w p\u0142yt g\u0142\u00f3wnych, w tym ATX, Micro-ATX i Mini-ITX, zapewniaj\u0105c maksymaln\u0105 elastyczno\u015b\u0107 konfiguracji PC.<\/p>\n<p>Co do ch\u0142odzenia ciecz\u0105, obudowa mo\u017ce pomie\u015bci\u0107 radiatory do 360 mm na g\u00f3rze, bocznie i z ty\u0142u. Ta mo\u017cliwo\u015b\u0107 pozwala na integracj\u0119 wydajnych rozwi\u0105za\u0144 ch\u0142odzenia ciecz\u0105, niezb\u0119dnych do utrzymania optymalnych temperatur podczas intensywnych sesji gier.<\/p>\n<p>Modularno\u015b\u0107 MSI MAG PANO 110R PZ jest r\u00f3wnie\u017c podkre\u015blona przez jego panoramiczny panel ze szk\u0142a utwardzonego o 270 stopniach. Ten design nie tylko poprawia og\u00f3ln\u0105 estetyk\u0119, ale tak\u017ce zapewnia lepsz\u0105 widoczno\u015b\u0107 wewn\u0119trznych komponent\u00f3w, dodaj\u0105c element personalizacji.<\/p>\n<p>Dla u\u017cytkownik\u00f3w, kt\u00f3rzy chc\u0105 maksymalizowa\u0107 pr\u0119dko\u015b\u0107 transmisji danych, obudowa jest wyposa\u017cona w port USB 20Gbps Type-C. Ta funkcjonalno\u015b\u0107 umo\u017cliwia szybkie i skuteczne po\u0142\u0105czenie z kompatybilnymi p\u0142ytami g\u0142\u00f3wnymi MSI, u\u0142atwiaj\u0105c integracj\u0119 urz\u0105dze\u0144 wysokoprzepustowych. Le MSI MPG GUNGNIR 110R est un autre bo\u00eetier de la gamme MSI, souvent compar\u00e9 au MAG PANO 110R PZ. Le GUNGNIR 110R se distingue par son design plus agressif et ses options de refroidissement am\u00e9lior\u00e9es. Il dispose d&#8217;un panneau en verre tremp\u00e9 sur le c\u00f4t\u00e9 gauche, offrant une vue claire sur les composants internes. En termes de ventilation, il int\u00e8gre plusieurs ventilateurs pr\u00e9-install\u00e9s et des emplacements pour radiateurs de refroidissement liquide, ce qui en fait un excellent choix pour les configurations haut de gamme.<\/p>\n","protected":false},"excerpt":{"rendered":"<p>Przygotuj si\u0119 do zmiany sposobu gry z MSI MAG PANO 110R PZ, szklanym panoramicznym klawiszu PC, kt\u00f3ry przekszta\u0142ca twoje ustawienie w prawdziwe dzie\u0142o sztuki. Wyobra\u017a sobie produkt, kt\u00f3ry \u0142\u0105czy <strong>nowoczesny design<\/strong>, optymalne zarz\u0105dzanie ciep\u0142em i wyj\u0105tkow\u0105 elastyczno\u015b\u0107 do obs\u0142ugi mocnych komponent\u00f3w. Dzi\u0119ki strategicznie umieszczonym wentylatorom i preinstalowanemu wentylatorowi ten klawisz zapewnia stabilne wydajno\u015bci nawet pod ci\u0119\u017ckim obci\u0105\u017ceniem. Z mo\u017cliwo\u015bci\u0105 monta\u017cu a\u017c 10 wentylator\u00f3w, z czego cztery s\u0105 ju\u017c do\u0142\u0105czone, MAG PANO 110R PZ oferuje <strong>niezwyk\u0142\u0105 elastyczno\u015b\u0107<\/strong> w zakresie <strong>ch\u0142odzenia<\/strong>. Ten klawisz zosta\u0142 zaprojektowany do obs\u0142ugi kart graficznych o d\u0142ugo\u015bci do 400 mm i p\u0142ytek g\u0142\u00f3wnych ATX\/Micro-ATX, co zapewnia du\u017c\u0105 wielozawodno\u015b\u0107. Zanurz si\u0119 w \u015bwiecie MSI ARSENAL GAMING (MAG) i odkryj klawisz solidny i niezawodny, gotowy do wytrzymania trudno\u015bci intensywnego gry.<\/p>\n","protected":false},"featured_media":14695,"comment_status":"open","ping_status":"closed","template":"","meta":{"_seopress_robots_primary_cat":"","_seopress_titles_title":"MSI MAG PANO 110R PZ : Klawisz PC Gaming Szklany Panoramiczny","_seopress_titles_desc":"Zmie\u0144 spos\u00f3b gry z MSI MAG PANO 110R PZ. Nowoczesny design, optymalne zarz\u0105dzanie ciep\u0142em i elastyczno\u015b\u0107 do obs\u0142ugi mocnych komponent\u00f3w.","_seopress_robots_index":"","_gspb_post_css":""},"pwb-brand":[209],"store":[],"product_brand":[],"product_cat":[459],"product_tag":[],"class_list":{"0":"post-25536","1":"product","2":"type-product","3":"status-publish","4":"has-post-thumbnail","6":"pwb-brand-msi","7":"product_cat-obudowa-pl","9":"first","10":"instock","11":"shipping-taxable","12":"product-type-external"},"brands":[{"id":209,"name":"MSI","slug":"msi"}],"_links":{"self":[{"href":"https:\/\/www.gamer.parts\/pl\/wp-json\/wp\/v2\/product\/25536","targetHints":{"allow":["GET"]}}],"collection":[{"href":"https:\/\/www.gamer.parts\/pl\/wp-json\/wp\/v2\/product"}],"about":[{"href":"https:\/\/www.gamer.parts\/pl\/wp-json\/wp\/v2\/types\/product"}],"replies":[{"embeddable":true,"href":"https:\/\/www.gamer.parts\/pl\/wp-json\/wp\/v2\/comments?post=25536"}],"wp:featuredmedia":[{"embeddable":true,"href":"https:\/\/www.gamer.parts\/pl\/wp-json\/wp\/v2\/media\/14695"}],"wp:attachment":[{"href":"https:\/\/www.gamer.parts\/pl\/wp-json\/wp\/v2\/media?parent=25536"}],"wp:term":[{"taxonomy":"pwb-brand","embeddable":true,"href":"https:\/\/www.gamer.parts\/pl\/wp-json\/wp\/v2\/pwb-brand?post=25536"},{"taxonomy":"store","embeddable":true,"href":"https:\/\/www.gamer.parts\/pl\/wp-json\/wp\/v2\/store?post=25536"},{"taxonomy":"product_brand","embeddable":true,"href":"https:\/\/www.gamer.parts\/pl\/wp-json\/wp\/v2\/product_brand?post=25536"},{"taxonomy":"product_cat","embeddable":true,"href":"https:\/\/www.gamer.parts\/pl\/wp-json\/wp\/v2\/product_cat?post=25536"},{"taxonomy":"product_tag","embeddable":true,"href":"https:\/\/www.gamer.parts\/pl\/wp-json\/wp\/v2\/product_tag?post=25536"}],"curies":[{"name":"wp","href":"https:\/\/api.w.org\/{rel}","templated":true}]}}