{"id":25549,"date":"2025-04-18T23:22:21","date_gmt":"2025-04-18T21:22:21","guid":{"rendered":"https:\/\/www.gamer.parts\/shop\/bez-kategorii\/asus-rog-astral-lc-geforce-rtx-5090-gaming-pc\/"},"modified":"2025-05-13T15:42:53","modified_gmt":"2025-05-13T13:42:53","slug":"asus-rog-astral-lc-geforce-rtx-5090-gaming-pc","status":"publish","type":"product","link":"https:\/\/www.gamer.parts\/pl\/shop\/karta-graficzna\/asus-rog-astral-lc-geforce-rtx-5090-gaming-pc\/","title":{"rendered":"Asus ROG Astral LC GeForce RTX 5090"},"content":{"rendered":"<h2>Przedstawienie ROG Astral LC GeForce RTX 5090<\/h2>\n<p>Wyprodukowany przez ASUS dla graczy i profesjonalist\u00f3w, <strong>ROG Astral LC GeForce RTX\u2122 5090 32GB GDDR7 OC Edition<\/strong> to wierzcho\u0142kowa karta graficzna, kt\u00f3ra \u0142\u0105czy wyj\u0105tkowe osi\u0105gi z innowacyjnym ch\u0142odzeniem. Ta karta zawiera wbudowany system ch\u0142odzenia ciecz\u0105 (AiO) z trzema wentylatorami o \u015brednicy 120 mm, zapewniaj\u0105c optymalny przep\u0142yw powietrza i ni\u017csze temperatury dzia\u0142ania, co zwi\u0119ksza trwa\u0142o\u015b\u0107.<\/p>\n<p>Silnie overclockowany od razu po otwarciu opakowania, ta wersja OC oferuje maksymaln\u0105 granic\u0119 mocy 600W za pomoc\u0105 gniazda PCIe 12VHPWR. Konfiguracja GDDR7 z 32GB pami\u0119ci wideo na szeroko\u015bci interfejsu 512 bit\u00f3w pozwala karcie osi\u0105ga\u0107 wra\u017cliwe pr\u0119dko\u015bci transferu danych, przekraczaj\u0105c 1792 GB\/s.<\/p>\n<p> <strong>Astral LC<\/strong>, zaprojektowana z estetyk\u0105 inspirowan\u0105 kosmosem, wyr\u00f3\u017cnia si\u0119 nie tylko swoimi technicznymi osi\u0105gami, ale tak\u017ce innowacyjnym designem. Z pami\u0119ci\u0105 wideo GDDR7 wysokiej wydajno\u015bci i specyfikacjami overclockowanymi ta karta graficzna jest idealna dla u\u017cytkownik\u00f3w chc\u0105cych maksymalizowa\u0107 swoje do\u015bwiadczenia z grami oraz wymagaj\u0105ce aplikacje kreacyjne.<\/p>\n<h2>Charakterystyki techniczne i osi\u0105gi<\/h2>\n<p>ASUS ROG Astral LC GeForce RTX 5090 to pot\u0119\u017cna karta graficzna przeznaczona dla zaawansowanych graczy i profesjonalist\u00f3w z grafiki, kt\u00f3rzy szukaj\u0105 najlepszego do\u015bwiadczenia. Wyposa\u017cona w pami\u0119\u0107 wideo GDDR7 o pojemno\u015bci 32 GB, oferuje ogromn\u0105 przepustowo\u015b\u0107 1792 GB\/s, co umo\u017cliwia szybkie \u0142adowanie tekstur i rozdzielczo\u015bci ultra HD dla transmisji na \u017cywo.<\/p>\n<h3>Turbo Clock i Kapacytno\u015b\u0107 obliczeniowa<\/h3>\n<p>Karta graficzna osi\u0105ga maksymaln\u0105 cz\u0119stotliwo\u015b\u0107 turbo 2.467 GHz, co pozwala jej osi\u0105gn\u0105\u0107 wynik FP32 107,41 TFLOPS, czyli niezwyk\u0142\u0105 moc obliczeniow\u0105 dla gier 3D i tra\u015bowania w czasie rzeczywistym.<\/p>\n<h3>Architektura GPU<\/h3>\n<p>Oparte na architekturze NVIDIA GeForce RTX 5090 Blackwell, ROG Astral LC zawiera 170 jednostek wykonawczych (EU) z \u0142\u0105czn\u0105 liczb\u0105 21760 shader\u00f3w, zapewniaj\u0105c surow\u0105 moc obliczeniow\u0105 optymalizowan\u0105 dla intensywnych zada\u0144 GPU.<\/p>\n<h3>Ch\u0142odzenie i wydajno\u015b\u0107 termiczna<\/h3>\n<p>Jedn\u0105 z g\u0142\u00f3wnych zalet ROG Astral LC jest jej wbudowany system ch\u0142odzenia za pomoc\u0105 radiatora AIO 360mm, nazwanego Fluid Force. Ten ostatni pozwala na optymalizacj\u0119 odprowadzania ciep\u0142a dla d\u0142ugotrwa\u0142ego u\u017cytkowania bez kompromis\u00f3w dotycz\u0105cych wydajno\u015bci.<\/p>\n<h3>Por\u00f3wnanie z konkurencj\u0105<\/h3>\n<p>Aby umie\u015bci\u0107 ROG Astral LC w\u015br\u00f3d swoich bezpo\u015brednich konkurent\u00f3w, takich jak NVIDIA GeForce RTX 4090, oferuje ona znacznie wy\u017cszy poziom pami\u0119ci i znacz\u0105co wi\u0119ksz\u0105 ilo\u015b\u0107 VRAM GDDR7. R\u00f3\u017cnica jest wyra\u017ana w do\u015bwiadczeniu u\u017cytkownika podczas sesji gier w wysokiej rozdzielczo\u015bci lub edycji wideo 8K.<\/p>\n<p>Podsumowuj\u0105c, ASUS ROG Astral LC GeForce RTX 5090 prezentuje si\u0119 jako rozwi\u0105zanie premium dla tych, kt\u00f3rzy szukaj\u0105 optymalnej wydajno\u015bci bez kompromis\u00f3w w zakresie ch\u0142odzenia i funkcji wbudowanych.<\/p>\n<h2>Innowacyjne ch\u0142odzenie z radiatorem AIO 360mm<\/h2>\n<p>Asus ROG Astral LC GeForce RTX 5090 wyr\u00f3\u017cnia si\u0119 swoim wbudowanym i wysokiej klasy systemem ch\u0142odzenia. Radiator All-In-One (AIO) o rozmiarze 360 mm zapewnia wyj\u0105tkow\u0105 wydajno\u015b\u0107 termiczn\u0105, pokrywaj\u0105c ca\u0142y GPU, VRMs i pami\u0119\u0107 operacyjn\u0105, aby zapewni\u0107 r\u00f3wnomierne ch\u0142odzenie.<\/p>\n<p>Asus ROG Astral LC GeForce RTX 5090 oferuje niezwykle mo\u017cliwo\u015bci overclockingu dzi\u0119ki programowi GPU Tweak III. Ten oprogramowanie, opracowane przez ASUS, pozwala u\u017cytkownikom na kontrol\u0119 nad kart\u0105 graficzn\u0105 i optymalizacj\u0119 wydajno\u015bci, aby w pe\u0142ni wykorzysta\u0107 potencja\u0142 sprz\u0119tu. Z podwy\u017cszonym limitem mocy do 600 W, RTX 5090 jest zaprojektowana do obs\u0142ugi radykalnych overclock\u00f3w przy zachowaniu stabilno\u015bci i niezawodno\u015bci.<\/p>\n<p><strong>Intuicyjny interfejs:<\/strong><br \/>GPU Tweak III oferuje prosty i intuicyjny interfejs, kt\u00f3ry prowadzi pocz\u0105tkuj\u0105cych u\u017cytkownik\u00f3w przez \u015bwiat overclockingu. Zaawansowane parametry s\u0105 dost\u0119pne za jednym klikni\u0119ciem, pozwalaj\u0105c do\u015bwiadczonym u\u017cytkownikom na pe\u0142ne wykorzystanie mo\u017cliwo\u015bci programu.<\/p>\n<p><strong>Precyzyjne sterowanie:<\/strong><br \/>Zaawansowana kontrola termiczna karty dzi\u0119ki jej systemowi ch\u0142odzenia cieczowego jest doskonale zarz\u0105dzana przez GPU Tweak III. U\u017cytkownicy mog\u0105 monitorowa\u0107 w czasie rzeczywistym temperatur\u0119 i poziom wykorzystania r\u00f3\u017cnych komponent\u00f3w, dostosowuj\u0105c parametry do optymalizacji efektywno\u015bci energetycznej.<\/p>\n<p><strong>Por\u00f3wnanie z konkurencj\u0105:<\/strong><br \/>W przeciwie\u0144stwie do niekt\u00f3rych kart graficznych od konkurent\u00f3w, kt\u00f3re oferuj\u0105 mniej kontroli nad overclockingiem lub wymagaj\u0105 narz\u0119dzi trzecich, ROG Astral LC RTX 5090 korzysta z pe\u0142nego i profesjonalnego narz\u0119dzia jakim jest GPU Tweak III.<\/p>\n<h2>Por\u00f3wnanie z innymi kartami graficznymi wysokiej klasy<\/h2>\n<p>Karta graficzna ASUS ROG Astral LC GeForce RTX 5090 wyr\u00f3\u017cnia si\u0119 w\u015br\u00f3d modeli premium dzi\u0119ki swoim specyfikacjom technicznym i innowacyjnemu designowi. W por\u00f3wnaniu z innymi wersjami tego samego modelu, takimi jak ASUS ROG Astral GeForce RTX 5090, wersja LC oferuje wy\u017csze cz\u0119stotliwo\u015bci boostowe, co daje znaczn\u0105 przewag\u0119 w zakresie czystej wydajno\u015bci.<\/p>\n<table>\n<thead>\n<tr>\n<th>Model<\/th>\n<th>Frequencja Boost (MHz)<\/th>\n<th>TDP (Watts)<\/th>\n<\/tr>\n<\/thead>\n<tbody>\n<tr>\n<td>ASUS ROG Astral LC GeForce RTX 5090 OC Edition<\/td>\n<td>2167<\/td>\n<td>575<\/td>\n<\/tr>\n<tr>\n<td>ASUS ROG Astral GeForce RTX 5090<\/td>\n<td>2024<\/td>\n<td>575<\/td>\n<\/tr>\n<\/tbody>\n<\/table>\n<p>Powy\u017csza tabela podsumowuje g\u0142\u00f3wne r\u00f3\u017cnice w zakresie cz\u0119stotliwo\u015bci boost i TDP mi\u0119dzy wersj\u0105 LC OC Edition a edycj\u0105 standardow\u0105. Wersja LC cieszy si\u0119 znacznym wzrostem o 143 MHz, co mo\u017ce prze\u0142o\u017cy\u0107 si\u0119 na lepsz\u0105 wydajno\u015b\u0107 w wymagaj\u0105cych grach i aplikacjach renderowania grafiki.<\/p>\n<p>W por\u00f3wnaniu z modelem Founders Edition NVIDIA dla RTX 5090, oba modele dziel\u0105 ten sam TDP wynosz\u0105cy 575 wat\u00f3w. Jednak Astral LC oferuje bardziej personalizowan\u0105 architektur\u0119 z optymalizowanymi dysipatorami ciep\u0142a i systemami ch\u0142odzenia, aby zapewni\u0107 lepsz\u0105 dyspersj\u0119 ciep\u0142a.<\/p>\n<p>W podsumowaniu, wersja ASUS ROG Astral LC GeForce RTX 5090 OC Edition jest idealna dla graczy i profesjonalist\u00f3w szukaj\u0105cych maksymalnej wydajno\u015bci w modelu premium, z specyfikacjami, kt\u00f3re wyr\u00f3\u017cniaj\u0105 si\u0119 w\u015br\u00f3d konkurencyjnego segmentu.<\/p>\n<h2>Do\u015bwiadczenie u\u017cytkownika i wsparcie ASUS<\/h2>\n<p>Interfejs u\u017cytkownika karty graficznej Asus ROG Astral LC GeForce RTX 5090 OC Edition zosta\u0142 zaprojektowany tak, aby by\u0142 intuicyjny, oferuj\u0105c szeroki wyb\u00f3r opcji personalizacji za pomoc\u0105 narz\u0119dzia Armoury Crate. Ten oprogramowanie pozwala u\u017cytkownikom monitorowa\u0107 wydajno\u015b\u0107 w czasie rzeczywistym, konfigurowa\u0107 profilowe zasilania i ch\u0142odzenia oraz otrzymywa\u0107 aktualizacje firmware, aby utrzymywa\u0107 wysoki poziom wydajno\u015bci GPU.<\/p>\n<p>Wsparcie techniczne ASUS jest znane ze swojej szybko\u015bci i skuteczno\u015bci. U\u017cytkownicy korzystaj\u0105 z bezpo\u015bredniego dost\u0119pu do ekspert\u00f3w technicznych przez r\u00f3\u017cne kana\u0142y, w tym dedykowany serwis klienta online oraz forum spo\u0142eczno\u015bciowe, gdzie cz\u0119sto rozwi\u0105zania s\u0105 proponowane przez spo\u0142eczno\u015b\u0107 jeszcze przed formalnym interwencj\u0105.<\/p>\n<h2>Scenariusze u\u017cytkowania i zalecane gry<\/h2>\n<p><strong>Asus ROG Astral LC GeForce RTX 5090<\/strong> zosta\u0142 zaprojektowany dla zaawansowanych graczy, kt\u00f3rzy szukaj\u0105 maksymalnej wydajno\u015bci. Z uk\u0142adem NVIDIA GeForce RTX 5090 oferuje wyj\u0105tkow\u0105 wydajno\u015b\u0107 we wszystkich nowoczesnych grach, umo\u017cliwiaj\u0105c p\u0142ynne klatki na sekund\u0119 i niezwykle szczeg\u00f3\u0142ow\u0105 grafik\u0119.<\/p>\n<h3>Graj w Ultra<\/h3>\n<p>Dzi\u0119ki ch\u0142odnicy AIO o rozmiarze 360 mm i MOSFETom o mocy 80 ampere, ten GPU jest w stanie utrzymywa\u0107 wysoki poziom wydajno\u015bci bez kompromis\u00f3w w zakresie cicho\u015bci. Gry takie jak <em>Red Dead Redemption 2<\/em>, <em>The Witcher 3: Wild Hunt<\/em> i <em>Cyberpunk 2077<\/em> mog\u0105 by\u0107 grane w rozdzielczo\u015bci ultra z wszystkimi opcjami graficznymi w\u0142\u0105czonymi, oferuj\u0105c niezwyk\u0142\u0105 przyjemno\u015b\u0107 wzrokow\u0105.<\/p>\n<h3>Overclocking i benchmark<\/h3>\n<p> Dla pasjonat\u00f3w overclockingu ROG Astral LC RTX 5090 jest wyposa\u017cony w podwy\u017cszony limit mocy do 600 W. To pozwala na agresywne overclocking bez istotnego ryzyka termicznego. U\u017cytkownicy mog\u0105 osi\u0105ga\u0107 wra\u017cliwe wyniki w benchmarkach, takie jak rekordowe 16,633 punkty uzyskane podczas wewn\u0119trznego testu z podniesionym limitem mocy.<\/p>\n<h3>Por\u00f3wnanie z konkurencj\u0105<\/h3>\n<p>W przeciwie\u0144stwie do modeli RTX 5090 nie overclockowanych, kt\u00f3re mog\u0105 mie\u0107 ograniczenia termiczne podczas ci\u0105g\u0142ego obci\u0105\u017cenia, Astral LC utrzymuje swoje zwi\u0119kszone wydajno\u015bci pozostaj\u0105c cichy. W por\u00f3wnaniu karty konkurencyjne takie jak Zotac lub Gigabyte nie rywalizuj\u0105 w zakresie ch\u0142odzenia i potencja\u0142u overclockingu.<\/p>\n<h3>Wniosek<\/h3>\n<p>Czy szukasz gry w najnowsze gry w ultra HD, czy chcesz podnie\u015b\u0107 pr\u00f3g jeszcze wy\u017cej z overclockingiem, <strong>ROG Astral LC GeForce RTX 5090<\/strong> jest niezr\u00f3wnanym wyborem dla graczy i overclocker\u00f3w.<\/p>\n<h2>Wniosek i warto\u015b\u0107 inwestycji<\/h2>\n<p><strong>Asus ROG Astral LC GeForce RTX 5090 OC Ed.<\/strong> to karta graficzna premium oferuj\u0105ca wyj\u0105tkowe wydajno\u015bci dzi\u0119ki wbudowanemu ch\u0142odzeniu ciecz\u0105 i factory overclocking. Z pr\u0119dko\u015bci\u0105 FP32 do 107,41 TFLOPS zapewnia niezwyk\u0142\u0105 p\u0142ynno\u015b\u0107 w najbardziej wymagaj\u0105cych grach. Mimo wysokiej ceny, AIO z trzema wentylatorami o \u015brednicy 120 mm i wydajn\u0105 kontrol\u0105 temperatury czyni j\u0105 rozs\u0105dnym wyborem dla graczy i tw\u00f3rc\u00f3w poszukuj\u0105cych najlepszej technologii Nvidia RTX.<\/p>\n<p>W por\u00f3wnaniu do modeli konkurencyjnych takich jak <strong>Zotac GeForce RTX 5090 AMP Extreme AI<\/strong>, <strong>Astral LC<\/strong> wyr\u00f3\u017cnia si\u0119 swoj\u0105 modu\u0142owo\u015bci\u0105 i opcjami push overclocking, co czyni j\u0105 solidnym inwestycj\u0105 dla wymagaj\u0105cych u\u017cytkownik\u00f3w.<\/p>\n<p><h2>Wi\u0119cej informacji wideo:<\/h2>\n<p> <iframe width=\"560\" height=\"315\" src=\"https:\/\/www.youtube.com\/embed\/aaC8JBhY6Rw\" frameborder=\"0\" allowfullscreen><\/iframe><\/p>\n<p>Opis: <br \/>Zaprojektowany do gry, MSI GeForce RTX 4070 Ti SUPRIM X 12GB GDDR6X jest wyposa\u017cony w najnowszy GPU NVIDIA Ada Lovelace z architektur\u0105 RTX 40 serii. Ta karta graficzna zapewnia niezwykle szybkie i p\u0142ynne do\u015bwiadczenie gry dzi\u0119ki nowej technologii DLSS 3, kt\u00f3ra wykorzystuje sztuczn\u0105 inteligencj\u0119 do poprawy jako\u015bci obrazu w czasie rzeczywistym. <br \/>Karta wyposa\u017cona jest w 12GB pami\u0119ci GDDR6X, co zapewnia wystarczaj\u0105c\u0105 ilo\u015b\u0107 pami\u0119ci dla najnowszych gier i aplikacji. <br \/>System ch\u0142odzenia TRI FROZR III zapewnia efektywn\u0105 regulacj\u0119 temperatury, utrzymuj\u0105c karta w optymalnych warunkach pracy. <br \/>Karta graficzna MSI GeForce RTX 4070 Ti SUPRIM X 12GB GDDR6X jest wyposa\u017cona w pod\u015bwietlenie RGB Mystic Light, kt\u00f3re pozwala na personalizacj\u0119 wygl\u0105du urz\u0105dzenia wed\u0142ug w\u0142asnych preferencji. <br \/>Karta graficzna MSI GeForce RTX 4070 Ti SUPRIM X 12GB GDDR6X jest wyposa\u017cona w porty: 1x HDMI 2.1, 3x DisplayPort 1.4a i 1x USB Type-C. <br \/>Karta graficzna MSI GeForce RTX 4070 Ti SUPRIM X 12GB GDDR6X jest wyposa\u017cona w interfejs PCIe 4.0, co zapewnia szybkie po\u0142\u0105czenie z matk\u0105 i optymalne wydajno\u015b\u0107.<\/p>\n","protected":false},"excerpt":{"rendered":"<p>Zanurz si\u0119 w \u015bwiecie niezwyk\u0142ych osi\u0105g\u00f3w graficznych z <strong>Asus ROG Astral LC GeForce RTX 5090<\/strong>. Ta bestia technologii wyposa\u017cona jest w system ch\u0142odzenia ciecz\u0105 AIO z wyj\u0105tkowymi mo\u017cliwo\u015bciami overclockingu, nap\u0119dzaj\u0105c Twoje do\u015bwiadczenie gry na niezwyk\u0142e wysoko\u015bci. Z jego surow\u0105 moc\u0105 i cichym dzia\u0142aniem <strong>Astral LC<\/strong> oferuje idealny r\u00f3wnowag\u0119 mi\u0119dzy wydajno\u015bci\u0105 a niezawodno\u015bci\u0105, redefiniuj\u0105c granice mo\u017cliwo\u015bci w zakresie immersji wzrokowej.<strong>FP32<\/strong> do 107,41 TFLOPS dla p\u0142ynnej gry w ultra HD.<\/p>\n","protected":false},"featured_media":15271,"comment_status":"open","ping_status":"closed","template":"","meta":{"_seopress_robots_primary_cat":"","_seopress_titles_title":"Asus ROG Astral LC GeForce RTX 5090 : Performances Graphiques Extr\u00eames","_seopress_titles_desc":"D\u00e9couvrez la puissance de l'Asus ROG Astral LC GeForce RTX 5090 avec son syst\u00e8me de refroidissement liquide AIO et overclocking avanc\u00e9 pour une exp\u00e9rience gaming immersive.","_seopress_robots_index":"","_gspb_post_css":""},"pwb-brand":[204],"store":[],"product_brand":[],"product_cat":[461],"product_tag":[],"class_list":{"0":"post-25549","1":"product","2":"type-product","3":"status-publish","4":"has-post-thumbnail","6":"pwb-brand-asus","7":"product_cat-karta-graficzna","9":"first","10":"instock","11":"shipping-taxable","12":"product-type-external"},"brands":[{"id":204,"name":"Asus","slug":"asus"}],"_links":{"self":[{"href":"https:\/\/www.gamer.parts\/pl\/wp-json\/wp\/v2\/product\/25549","targetHints":{"allow":["GET"]}}],"collection":[{"href":"https:\/\/www.gamer.parts\/pl\/wp-json\/wp\/v2\/product"}],"about":[{"href":"https:\/\/www.gamer.parts\/pl\/wp-json\/wp\/v2\/types\/product"}],"replies":[{"embeddable":true,"href":"https:\/\/www.gamer.parts\/pl\/wp-json\/wp\/v2\/comments?post=25549"}],"wp:featuredmedia":[{"embeddable":true,"href":"https:\/\/www.gamer.parts\/pl\/wp-json\/wp\/v2\/media\/15271"}],"wp:attachment":[{"href":"https:\/\/www.gamer.parts\/pl\/wp-json\/wp\/v2\/media?parent=25549"}],"wp:term":[{"taxonomy":"pwb-brand","embeddable":true,"href":"https:\/\/www.gamer.parts\/pl\/wp-json\/wp\/v2\/pwb-brand?post=25549"},{"taxonomy":"store","embeddable":true,"href":"https:\/\/www.gamer.parts\/pl\/wp-json\/wp\/v2\/store?post=25549"},{"taxonomy":"product_brand","embeddable":true,"href":"https:\/\/www.gamer.parts\/pl\/wp-json\/wp\/v2\/product_brand?post=25549"},{"taxonomy":"product_cat","embeddable":true,"href":"https:\/\/www.gamer.parts\/pl\/wp-json\/wp\/v2\/product_cat?post=25549"},{"taxonomy":"product_tag","embeddable":true,"href":"https:\/\/www.gamer.parts\/pl\/wp-json\/wp\/v2\/product_tag?post=25549"}],"curies":[{"name":"wp","href":"https:\/\/api.w.org\/{rel}","templated":true}]}}